{"id":71390,"date":"2024-12-27T01:11:07","date_gmt":"2024-12-27T00:11:07","guid":{"rendered":"https:\/\/www.atta45.se\/e-butik\/?post_type=product&#038;p=71390"},"modified":"2025-10-27T14:33:50","modified_gmt":"2025-10-27T13:33:50","slug":"antistressfigur-hus","status":"publish","type":"product","link":"https:\/\/www.atta45.se\/e-butik\/produkt\/antistressfigur-hus\/","title":{"rendered":"Antistressfigur, hus Bernadetta"},"content":{"rendered":"<p>Antistressfigur i form av ett hus. Tillverkad av PU skum. Eftersom figuren \u00e4r tillverkad ett v\u00e4ldigt por\u00f6st material s\u00e5 b\u00f6r man t\u00e4nka p\u00e5 att ett eventuellt tryck blir begr\u00e4nsat i detaljrikedom, livsl\u00e4ngd och fixering.<\/p>\n","protected":false},"excerpt":{"rendered":"<p>Antistressfigur i form av ett hus. Tillverkad av PU skum. Eftersom figuren \u00e4r tillverkad ett v\u00e4ldigt por\u00f6st material s\u00e5 b\u00f6r man t\u00e4nka p\u00e5 att ett eventuellt tryck blir begr\u00e4nsat i detaljrikedom, livsl\u00e4ngd och fixering.<\/p>\n","protected":false},"featured_media":71391,"template":"","meta":{"_acf_changed":false,"_seopress_robots_primary_cat":"","_seopress_titles_title":"","_seopress_titles_desc":"","_seopress_robots_index":""},"product_brand":[],"product_cat":[15],"product_tag":[],"class_list":{"0":"post-71390","1":"product","2":"type-product","3":"status-publish","4":"has-post-thumbnail","6":"product_cat-okategoriserad","7":"atta45_taxonomy-tema-inspiration-branscher-sv","8":"atta45_taxonomy-hem-hushall-sv","9":"atta45_taxonomy-tema-inspiration-branscher-konstruktion-sv","10":"atta45_taxonomy-tema-inspiration-ogonblick-kontorsliv-sv","11":"atta45_taxonomy-tema-inspiration-sv","13":"first","14":"instock","15":"taxable","16":"shipping-taxable","17":"purchasable","18":"product-type-variable"},"acf":[],"_links":{"self":[{"href":"https:\/\/www.atta45.se\/e-butik\/wp-json\/wp\/v2\/product\/71390","targetHints":{"allow":["GET"]}}],"collection":[{"href":"https:\/\/www.atta45.se\/e-butik\/wp-json\/wp\/v2\/product"}],"about":[{"href":"https:\/\/www.atta45.se\/e-butik\/wp-json\/wp\/v2\/types\/product"}],"wp:featuredmedia":[{"embeddable":true,"href":"https:\/\/www.atta45.se\/e-butik\/wp-json\/wp\/v2\/media\/71391"}],"wp:attachment":[{"href":"https:\/\/www.atta45.se\/e-butik\/wp-json\/wp\/v2\/media?parent=71390"}],"wp:term":[{"taxonomy":"product_brand","embeddable":true,"href":"https:\/\/www.atta45.se\/e-butik\/wp-json\/wp\/v2\/product_brand?post=71390"},{"taxonomy":"product_cat","embeddable":true,"href":"https:\/\/www.atta45.se\/e-butik\/wp-json\/wp\/v2\/product_cat?post=71390"},{"taxonomy":"product_tag","embeddable":true,"href":"https:\/\/www.atta45.se\/e-butik\/wp-json\/wp\/v2\/product_tag?post=71390"}],"curies":[{"name":"wp","href":"https:\/\/api.w.org\/{rel}","templated":true}]}}