{"id":71328,"date":"2024-12-27T01:10:07","date_gmt":"2024-12-27T00:10:07","guid":{"rendered":"https:\/\/www.atta45.se\/e-butik\/?post_type=product&#038;p=71328"},"modified":"2025-10-28T00:20:46","modified_gmt":"2025-10-27T23:20:46","slug":"fyrkantig-varme-kylklamp-med-fargade-vattenparlor","status":"publish","type":"product","link":"https:\/\/www.atta45.se\/e-butik\/produkt\/fyrkantig-varme-kylklamp-med-fargade-vattenparlor\/","title":{"rendered":"V\u00e4rme-\/Kylklamp Fyrkantig med f\u00e4rgade vattenp\u00e4rlor Stephanie"},"content":{"rendered":"<p>Fyrkantig plastf\u00f6rpackning fylld med f\u00e4rgade vattenp\u00e4rlor, anv\u00e4nd som v\u00e4rme- eller kylelement. Kan frysas in eller v\u00e4rmas i varmt vatten och anv\u00e4ndas om och om igen.<\/p>\n","protected":false},"excerpt":{"rendered":"<p>Fyrkantig plastf\u00f6rpackning fylld med f\u00e4rgade vattenp\u00e4rlor, anv\u00e4nd som v\u00e4rme- eller kylelement. Kan frysas in eller v\u00e4rmas i varmt vatten och anv\u00e4ndas om och om igen.<\/p>\n","protected":false},"featured_media":71329,"template":"","meta":{"_acf_changed":false,"_seopress_robots_primary_cat":"","_seopress_titles_title":"","_seopress_titles_desc":"","_seopress_robots_index":""},"product_brand":[],"product_cat":[15],"product_tag":[],"class_list":{"0":"post-71328","1":"product","2":"type-product","3":"status-publish","4":"has-post-thumbnail","6":"product_cat-okategoriserad","7":"atta45_taxonomy-tema-inspiration-branscher-sv","8":"atta45_taxonomy-tema-inspiration-ogonblick-en-dag-i-parken-sv","9":"atta45_taxonomy-hem-hushall-sv","10":"atta45_taxonomy-tema-inspiration-sasong-host-sv","11":"atta45_taxonomy-tema-inspiration-sasong-sv","12":"atta45_taxonomy-tema-inspiration-branscher-skonhet-friskvard-sv","13":"atta45_taxonomy-tema-inspiration-sv","14":"atta45_taxonomy-tema-inspiration-sasong-vinter-sv","16":"first","17":"instock","18":"taxable","19":"shipping-taxable","20":"purchasable","21":"product-type-variable"},"acf":[],"_links":{"self":[{"href":"https:\/\/www.atta45.se\/e-butik\/wp-json\/wp\/v2\/product\/71328","targetHints":{"allow":["GET"]}}],"collection":[{"href":"https:\/\/www.atta45.se\/e-butik\/wp-json\/wp\/v2\/product"}],"about":[{"href":"https:\/\/www.atta45.se\/e-butik\/wp-json\/wp\/v2\/types\/product"}],"wp:featuredmedia":[{"embeddable":true,"href":"https:\/\/www.atta45.se\/e-butik\/wp-json\/wp\/v2\/media\/71329"}],"wp:attachment":[{"href":"https:\/\/www.atta45.se\/e-butik\/wp-json\/wp\/v2\/media?parent=71328"}],"wp:term":[{"taxonomy":"product_brand","embeddable":true,"href":"https:\/\/www.atta45.se\/e-butik\/wp-json\/wp\/v2\/product_brand?post=71328"},{"taxonomy":"product_cat","embeddable":true,"href":"https:\/\/www.atta45.se\/e-butik\/wp-json\/wp\/v2\/product_cat?post=71328"},{"taxonomy":"product_tag","embeddable":true,"href":"https:\/\/www.atta45.se\/e-butik\/wp-json\/wp\/v2\/product_tag?post=71328"}],"curies":[{"name":"wp","href":"https:\/\/api.w.org\/{rel}","templated":true}]}}