{"id":71314,"date":"2024-12-27T01:09:14","date_gmt":"2024-12-27T00:09:14","guid":{"rendered":"https:\/\/www.atta45.se\/e-butik\/?post_type=product&#038;p=71314"},"modified":"2025-10-27T23:56:06","modified_gmt":"2025-10-27T22:56:06","slug":"timglas-med-sugkopp-5-minuter","status":"publish","type":"product","link":"https:\/\/www.atta45.se\/e-butik\/produkt\/timglas-med-sugkopp-5-minuter\/","title":{"rendered":"Timglas med sugkopp Alaya"},"content":{"rendered":"<p>Droppformat timglas f\u00f6r att h\u00e5lla redan p\u00e5 tiden i duschen. Visar p\u00e5 max 5 minuter.<\/p>\n","protected":false},"excerpt":{"rendered":"<p>Droppformat timglas f\u00f6r att h\u00e5lla redan p\u00e5 tiden i duschen. Visar p\u00e5 max 5 minuter.<\/p>\n","protected":false},"featured_media":71315,"template":"","meta":{"_acf_changed":false,"_seopress_robots_primary_cat":"","_seopress_titles_title":"","_seopress_titles_desc":"","_seopress_robots_index":""},"product_brand":[],"product_cat":[15],"product_tag":[],"class_list":{"0":"post-71314","1":"product","2":"type-product","3":"status-publish","4":"has-post-thumbnail","6":"product_cat-okategoriserad","7":"atta45_taxonomy-tema-inspiration-grona-intryck-sv","8":"atta45_taxonomy-hem-hushall-sv","10":"first","11":"instock","12":"taxable","13":"shipping-taxable","14":"purchasable","15":"product-type-variable"},"acf":[],"_links":{"self":[{"href":"https:\/\/www.atta45.se\/e-butik\/wp-json\/wp\/v2\/product\/71314","targetHints":{"allow":["GET"]}}],"collection":[{"href":"https:\/\/www.atta45.se\/e-butik\/wp-json\/wp\/v2\/product"}],"about":[{"href":"https:\/\/www.atta45.se\/e-butik\/wp-json\/wp\/v2\/types\/product"}],"wp:featuredmedia":[{"embeddable":true,"href":"https:\/\/www.atta45.se\/e-butik\/wp-json\/wp\/v2\/media\/71315"}],"wp:attachment":[{"href":"https:\/\/www.atta45.se\/e-butik\/wp-json\/wp\/v2\/media?parent=71314"}],"wp:term":[{"taxonomy":"product_brand","embeddable":true,"href":"https:\/\/www.atta45.se\/e-butik\/wp-json\/wp\/v2\/product_brand?post=71314"},{"taxonomy":"product_cat","embeddable":true,"href":"https:\/\/www.atta45.se\/e-butik\/wp-json\/wp\/v2\/product_cat?post=71314"},{"taxonomy":"product_tag","embeddable":true,"href":"https:\/\/www.atta45.se\/e-butik\/wp-json\/wp\/v2\/product_tag?post=71314"}],"curies":[{"name":"wp","href":"https:\/\/api.w.org\/{rel}","templated":true}]}}