{"id":71224,"date":"2024-12-27T01:07:51","date_gmt":"2024-12-27T00:07:51","guid":{"rendered":"https:\/\/www.atta45.se\/e-butik\/?post_type=product&#038;p=71224"},"modified":"2025-10-27T23:45:06","modified_gmt":"2025-10-27T22:45:06","slug":"mattband-med-bmi-skala-body-mass-index-2","status":"publish","type":"product","link":"https:\/\/www.atta45.se\/e-butik\/produkt\/mattband-med-bmi-skala-body-mass-index-2\/","title":{"rendered":"M\u00e5ttband med BMI-skala Francine"},"content":{"rendered":"<p>M\u00e5ttband med BMI-skala (Body Mass Index), 1,5 m l\u00e5ngt. Av plast, i form av hj\u00e4rta, med en vit stoppknapp. Med vikt- (kg) och l\u00e4ngd- (m) indikator p\u00e5 framsidan. F\u00f6r reklamsyften, ej medicinsk anv\u00e4ndning.<\/p>\n","protected":false},"excerpt":{"rendered":"<p>M\u00e5ttband med BMI-skala (Body Mass Index), 1,5 m l\u00e5ngt. Av plast, i form av hj\u00e4rta, med en vit stoppknapp. Med vikt- (kg) och l\u00e4ngd- (m) indikator p\u00e5 framsidan. F\u00f6r reklamsyften, ej medicinsk anv\u00e4ndning.<\/p>\n","protected":false},"featured_media":71225,"template":"","meta":{"_acf_changed":false,"_seopress_robots_primary_cat":"","_seopress_titles_title":"","_seopress_titles_desc":"","_seopress_robots_index":""},"product_brand":[],"product_cat":[15],"product_tag":[],"class_list":{"0":"post-71224","1":"product","2":"type-product","3":"status-publish","4":"has-post-thumbnail","6":"product_cat-okategoriserad","7":"atta45_taxonomy-tema-inspiration-ogonblick-arbete-pagar-sv","8":"atta45_taxonomy-tema-inspiration-branscher-sv","9":"atta45_taxonomy-hem-hushall-sv","10":"atta45_taxonomy-tema-inspiration-branscher-sjukvard-sv","11":"atta45_taxonomy-tema-inspiration-sv","13":"first","14":"instock","15":"taxable","16":"shipping-taxable","17":"purchasable","18":"product-type-variable"},"acf":[],"_links":{"self":[{"href":"https:\/\/www.atta45.se\/e-butik\/wp-json\/wp\/v2\/product\/71224","targetHints":{"allow":["GET"]}}],"collection":[{"href":"https:\/\/www.atta45.se\/e-butik\/wp-json\/wp\/v2\/product"}],"about":[{"href":"https:\/\/www.atta45.se\/e-butik\/wp-json\/wp\/v2\/types\/product"}],"wp:featuredmedia":[{"embeddable":true,"href":"https:\/\/www.atta45.se\/e-butik\/wp-json\/wp\/v2\/media\/71225"}],"wp:attachment":[{"href":"https:\/\/www.atta45.se\/e-butik\/wp-json\/wp\/v2\/media?parent=71224"}],"wp:term":[{"taxonomy":"product_brand","embeddable":true,"href":"https:\/\/www.atta45.se\/e-butik\/wp-json\/wp\/v2\/product_brand?post=71224"},{"taxonomy":"product_cat","embeddable":true,"href":"https:\/\/www.atta45.se\/e-butik\/wp-json\/wp\/v2\/product_cat?post=71224"},{"taxonomy":"product_tag","embeddable":true,"href":"https:\/\/www.atta45.se\/e-butik\/wp-json\/wp\/v2\/product_tag?post=71224"}],"curies":[{"name":"wp","href":"https:\/\/api.w.org\/{rel}","templated":true}]}}