{"id":71190,"date":"2024-12-27T01:07:22","date_gmt":"2024-12-27T00:07:22","guid":{"rendered":"https:\/\/www.atta45.se\/e-butik\/?post_type=product&#038;p=71190"},"modified":"2025-10-27T23:31:03","modified_gmt":"2025-10-27T22:31:03","slug":"vatservetter-10-pack-pocketclean","status":"publish","type":"product","link":"https:\/\/www.atta45.se\/e-butik\/produkt\/vatservetter-10-pack-pocketclean\/","title":{"rendered":"V\u00e5tservetter, 10-stk, Pocketclean"},"content":{"rendered":"<p>V\u00e5tservetter i 10-pack, utan alkohol, som kan \u00e5terf\u00f6rslutas. Bra att ha med p\u00e5 resan eller utflykten.<\/p>\n","protected":false},"excerpt":{"rendered":"<p>V\u00e5tservetter i 10-pack, utan alkohol, som kan \u00e5terf\u00f6rslutas. Bra att ha med p\u00e5 resan eller utflykten.<\/p>\n","protected":false},"featured_media":71197,"template":"","meta":{"_acf_changed":false,"_seopress_robots_primary_cat":"","_seopress_titles_title":"","_seopress_titles_desc":"","_seopress_robots_index":""},"product_brand":[],"product_cat":[15],"product_tag":[],"class_list":{"0":"post-71190","1":"product","2":"type-product","3":"status-publish","4":"has-post-thumbnail","6":"product_cat-okategoriserad","7":"atta45_taxonomy-tema-inspiration-branscher-sv","8":"atta45_taxonomy-hem-hushall-sv","9":"atta45_taxonomy-vaskor-resetillbehor-researtiklar-sv","10":"atta45_taxonomy-tema-inspiration-branscher-skonhet-friskvard-sv","11":"atta45_taxonomy-tema-inspiration-ogonblick-sommargladje-sv","12":"atta45_taxonomy-tema-inspiration-sv","13":"atta45_taxonomy-vaskor-resetillbehor-sv","15":"first","16":"instock","17":"taxable","18":"shipping-taxable","19":"purchasable","20":"product-type-variable"},"acf":[],"_links":{"self":[{"href":"https:\/\/www.atta45.se\/e-butik\/wp-json\/wp\/v2\/product\/71190","targetHints":{"allow":["GET"]}}],"collection":[{"href":"https:\/\/www.atta45.se\/e-butik\/wp-json\/wp\/v2\/product"}],"about":[{"href":"https:\/\/www.atta45.se\/e-butik\/wp-json\/wp\/v2\/types\/product"}],"wp:featuredmedia":[{"embeddable":true,"href":"https:\/\/www.atta45.se\/e-butik\/wp-json\/wp\/v2\/media\/71197"}],"wp:attachment":[{"href":"https:\/\/www.atta45.se\/e-butik\/wp-json\/wp\/v2\/media?parent=71190"}],"wp:term":[{"taxonomy":"product_brand","embeddable":true,"href":"https:\/\/www.atta45.se\/e-butik\/wp-json\/wp\/v2\/product_brand?post=71190"},{"taxonomy":"product_cat","embeddable":true,"href":"https:\/\/www.atta45.se\/e-butik\/wp-json\/wp\/v2\/product_cat?post=71190"},{"taxonomy":"product_tag","embeddable":true,"href":"https:\/\/www.atta45.se\/e-butik\/wp-json\/wp\/v2\/product_tag?post=71190"}],"curies":[{"name":"wp","href":"https:\/\/api.w.org\/{rel}","templated":true}]}}