{"id":71092,"date":"2024-12-27T01:06:04","date_gmt":"2024-12-27T00:06:04","guid":{"rendered":"https:\/\/www.atta45.se\/e-butik\/?post_type=product&#038;p=71092"},"modified":"2025-10-27T23:15:41","modified_gmt":"2025-10-27T22:15:41","slug":"varmekudde","status":"publish","type":"product","link":"https:\/\/www.atta45.se\/e-butik\/produkt\/varmekudde\/","title":{"rendered":"V\u00e4rmekudde, i PVC, Charles"},"content":{"rendered":"<p>V\u00e4rmekudde som aktiveras vid brytning av metallen. Utstr\u00e5lar en behaglig v\u00e4rme n\u00e4r man som b\u00e4st beh\u00f6ver det. Laddas upp igen genom att kokas.<\/p>\n","protected":false},"excerpt":{"rendered":"<p>V\u00e4rmekudde som aktiveras vid brytning av metallen. Utstr\u00e5lar en behaglig v\u00e4rme n\u00e4r man som b\u00e4st beh\u00f6ver det. Laddas upp igen genom att kokas.<\/p>\n","protected":false},"featured_media":71093,"template":"","meta":{"_acf_changed":false,"_seopress_robots_primary_cat":"","_seopress_titles_title":"","_seopress_titles_desc":"","_seopress_robots_index":""},"product_brand":[],"product_cat":[15],"product_tag":[],"class_list":{"0":"post-71092","1":"product","2":"type-product","3":"status-publish","4":"has-post-thumbnail","6":"product_cat-okategoriserad","7":"atta45_taxonomy-tema-inspiration-branscher-sv","8":"atta45_taxonomy-hem-hushall-sv","9":"atta45_taxonomy-tema-inspiration-sasong-host-sv","10":"atta45_taxonomy-tema-inspiration-sasong-sv","11":"atta45_taxonomy-tema-inspiration-branscher-skonhet-friskvard-sv","12":"atta45_taxonomy-tema-inspiration-sv","13":"atta45_taxonomy-tema-inspiration-sasong-vinter-sv","14":"atta45_taxonomy-tema-inspiration-ogonblick-vinterlandskap-sv","16":"first","17":"instock","18":"taxable","19":"shipping-taxable","20":"purchasable","21":"product-type-variable"},"acf":[],"_links":{"self":[{"href":"https:\/\/www.atta45.se\/e-butik\/wp-json\/wp\/v2\/product\/71092","targetHints":{"allow":["GET"]}}],"collection":[{"href":"https:\/\/www.atta45.se\/e-butik\/wp-json\/wp\/v2\/product"}],"about":[{"href":"https:\/\/www.atta45.se\/e-butik\/wp-json\/wp\/v2\/types\/product"}],"wp:featuredmedia":[{"embeddable":true,"href":"https:\/\/www.atta45.se\/e-butik\/wp-json\/wp\/v2\/media\/71093"}],"wp:attachment":[{"href":"https:\/\/www.atta45.se\/e-butik\/wp-json\/wp\/v2\/media?parent=71092"}],"wp:term":[{"taxonomy":"product_brand","embeddable":true,"href":"https:\/\/www.atta45.se\/e-butik\/wp-json\/wp\/v2\/product_brand?post=71092"},{"taxonomy":"product_cat","embeddable":true,"href":"https:\/\/www.atta45.se\/e-butik\/wp-json\/wp\/v2\/product_cat?post=71092"},{"taxonomy":"product_tag","embeddable":true,"href":"https:\/\/www.atta45.se\/e-butik\/wp-json\/wp\/v2\/product_tag?post=71092"}],"curies":[{"name":"wp","href":"https:\/\/api.w.org\/{rel}","templated":true}]}}