{"id":71016,"date":"2024-12-27T01:04:55","date_gmt":"2024-12-27T00:04:55","guid":{"rendered":"https:\/\/www.atta45.se\/e-butik\/?post_type=product&#038;p=71016"},"modified":"2025-10-27T22:47:48","modified_gmt":"2025-10-27T21:47:48","slug":"victorinox-swisscard-klassiskt-multiverktyg-nylon","status":"publish","type":"product","link":"https:\/\/www.atta45.se\/e-butik\/produkt\/victorinox-swisscard-klassiskt-multiverktyg-nylon\/","title":{"rendered":"SwissCard, nylon, Klassiskt multiverktyg, Victorinox\u00ae"},"content":{"rendered":"<p>Victorinox SwissCard klassiskt multifunktionellt verktyg, inklusive: brev\u00f6ppnare, pincett, sax, nagelfil, tandpetare, ballpen och st\u00e5lstift. Individuellt f\u00f6rpackad i presentf\u00f6rpackning.<\/p>\n","protected":false},"excerpt":{"rendered":"<p>Victorinox SwissCard klassiskt multifunktionellt verktyg, inklusive: brev\u00f6ppnare, pincett, sax, nagelfil, tandpetare, ballpen och st\u00e5lstift. Individuellt f\u00f6rpackad i presentf\u00f6rpackning.<\/p>\n","protected":false},"featured_media":71017,"template":"","meta":{"_acf_changed":false,"_seopress_robots_primary_cat":"","_seopress_titles_title":"","_seopress_titles_desc":"","_seopress_robots_index":""},"product_brand":[],"product_cat":[15],"product_tag":[],"class_list":{"0":"post-71016","1":"product","2":"type-product","3":"status-publish","4":"has-post-thumbnail","6":"product_cat-okategoriserad","7":"atta45_taxonomy-tema-inspiration-made-in-europe-andra-produkter-tillverkade-i-eu-sv","8":"atta45_taxonomy-tema-inspiration-branscher-sv","9":"atta45_taxonomy-hem-hushall-sv","10":"atta45_taxonomy-reflexer-verktyg-sakerhet-knivar-sv","11":"atta45_taxonomy-reflexer-verktyg-sakerhet-multiverktyg-sv","12":"atta45_taxonomy-tema-inspiration-sv","13":"atta45_taxonomy-tema-inspiration-varumarken-sv","14":"atta45_taxonomy-reflexer-verktyg-sakerhet-verktyg-sv","15":"atta45_taxonomy-tema-inspiration-varumarken-victorinox-sv","17":"first","18":"instock","19":"taxable","20":"shipping-taxable","21":"purchasable","22":"product-type-variable"},"acf":[],"_links":{"self":[{"href":"https:\/\/www.atta45.se\/e-butik\/wp-json\/wp\/v2\/product\/71016","targetHints":{"allow":["GET"]}}],"collection":[{"href":"https:\/\/www.atta45.se\/e-butik\/wp-json\/wp\/v2\/product"}],"about":[{"href":"https:\/\/www.atta45.se\/e-butik\/wp-json\/wp\/v2\/types\/product"}],"wp:featuredmedia":[{"embeddable":true,"href":"https:\/\/www.atta45.se\/e-butik\/wp-json\/wp\/v2\/media\/71017"}],"wp:attachment":[{"href":"https:\/\/www.atta45.se\/e-butik\/wp-json\/wp\/v2\/media?parent=71016"}],"wp:term":[{"taxonomy":"product_brand","embeddable":true,"href":"https:\/\/www.atta45.se\/e-butik\/wp-json\/wp\/v2\/product_brand?post=71016"},{"taxonomy":"product_cat","embeddable":true,"href":"https:\/\/www.atta45.se\/e-butik\/wp-json\/wp\/v2\/product_cat?post=71016"},{"taxonomy":"product_tag","embeddable":true,"href":"https:\/\/www.atta45.se\/e-butik\/wp-json\/wp\/v2\/product_tag?post=71016"}],"curies":[{"name":"wp","href":"https:\/\/api.w.org\/{rel}","templated":true}]}}