{"id":70920,"date":"2024-12-27T01:03:32","date_gmt":"2024-12-27T00:03:32","guid":{"rendered":"https:\/\/www.atta45.se\/e-butik\/?post_type=product&#038;p=70920"},"modified":"2025-10-27T22:00:36","modified_gmt":"2025-10-27T21:00:36","slug":"fickspegel","status":"publish","type":"product","link":"https:\/\/www.atta45.se\/e-butik\/produkt\/fickspegel\/","title":{"rendered":"Fickspegel"},"content":{"rendered":"<p>En lite enklare fickspegel med transparent f\u00e4rgade lock. Svart och silver \u00e4r solida. G\u00e5r att trycka p\u00e5 insidan av locket. Utm\u00e4rkt n\u00e4r du vill l\u00e4mna ett budskap varje g\u00e5ng spegeln anv\u00e4nds. Fodralet \u00e4r i plast.<\/p>\n","protected":false},"excerpt":{"rendered":"<p>En lite enklare fickspegel med transparent f\u00e4rgade lock. Svart och silver \u00e4r solida. G\u00e5r att trycka p\u00e5 insidan av locket. Utm\u00e4rkt n\u00e4r du vill l\u00e4mna ett budskap varje g\u00e5ng spegeln anv\u00e4nds. Fodralet \u00e4r i plast.<\/p>\n","protected":false},"featured_media":70921,"template":"","meta":{"_acf_changed":false,"_seopress_robots_primary_cat":"","_seopress_titles_title":"","_seopress_titles_desc":"","_seopress_robots_index":""},"product_brand":[],"product_cat":[15],"product_tag":[],"class_list":{"0":"post-70920","1":"product","2":"type-product","3":"status-publish","4":"has-post-thumbnail","6":"product_cat-okategoriserad","7":"atta45_taxonomy-tema-inspiration-branscher-sv","8":"atta45_taxonomy-praktiska-ting-fickspeglar-sv","9":"atta45_taxonomy-hem-hushall-sv","10":"atta45_taxonomy-tema-inspiration-branscher-skonhet-friskvard-sv","11":"atta45_taxonomy-tema-inspiration-ogonblick-sommargladje-sv","12":"atta45_taxonomy-tema-inspiration-speciella-trycktekniker-sv","13":"atta45_taxonomy-tema-inspiration-sv","15":"first","16":"instock","17":"taxable","18":"shipping-taxable","19":"purchasable","20":"product-type-variable"},"acf":[],"_links":{"self":[{"href":"https:\/\/www.atta45.se\/e-butik\/wp-json\/wp\/v2\/product\/70920","targetHints":{"allow":["GET"]}}],"collection":[{"href":"https:\/\/www.atta45.se\/e-butik\/wp-json\/wp\/v2\/product"}],"about":[{"href":"https:\/\/www.atta45.se\/e-butik\/wp-json\/wp\/v2\/types\/product"}],"wp:featuredmedia":[{"embeddable":true,"href":"https:\/\/www.atta45.se\/e-butik\/wp-json\/wp\/v2\/media\/70921"}],"wp:attachment":[{"href":"https:\/\/www.atta45.se\/e-butik\/wp-json\/wp\/v2\/media?parent=70920"}],"wp:term":[{"taxonomy":"product_brand","embeddable":true,"href":"https:\/\/www.atta45.se\/e-butik\/wp-json\/wp\/v2\/product_brand?post=70920"},{"taxonomy":"product_cat","embeddable":true,"href":"https:\/\/www.atta45.se\/e-butik\/wp-json\/wp\/v2\/product_cat?post=70920"},{"taxonomy":"product_tag","embeddable":true,"href":"https:\/\/www.atta45.se\/e-butik\/wp-json\/wp\/v2\/product_tag?post=70920"}],"curies":[{"name":"wp","href":"https:\/\/api.w.org\/{rel}","templated":true}]}}