{"id":70852,"date":"2024-12-27T01:02:10","date_gmt":"2024-12-27T00:02:10","guid":{"rendered":"https:\/\/www.atta45.se\/e-butik\/?post_type=product&#038;p=70852"},"modified":"2025-10-27T21:59:56","modified_gmt":"2025-10-27T20:59:56","slug":"hjartformat-mintkort","status":"publish","type":"product","link":"https:\/\/www.atta45.se\/e-butik\/produkt\/hjartformat-mintkort\/","title":{"rendered":"Hj\u00e4rtformat mintkort"},"content":{"rendered":"<p>Hj\u00e4rtformat mintkort i praktisk plastask. Inneh\u00e5ller ca 60 sockerfria mintabletter.<\/p>\n","protected":false},"excerpt":{"rendered":"<p>Hj\u00e4rtformat mintkort i praktisk plastask. Inneh\u00e5ller ca 60 sockerfria mintabletter.<\/p>\n","protected":false},"featured_media":70853,"template":"","meta":{"_acf_changed":false,"_seopress_robots_primary_cat":"","_seopress_titles_title":"","_seopress_titles_desc":"","_seopress_robots_index":""},"product_brand":[],"product_cat":[15],"product_tag":[],"class_list":{"0":"post-70852","1":"product","2":"type-product","3":"status-publish","4":"has-post-thumbnail","6":"product_cat-okategoriserad","7":"atta45_taxonomy-tema-inspiration-ogonblick-alla-hjartans-dag-sv","8":"atta45_taxonomy-tema-inspiration-branscher-sv","9":"atta45_taxonomy-tema-inspiration-ogonblick-en-dag-i-parken-sv","10":"atta45_taxonomy-praktiska-ting-godis-sv","11":"atta45_taxonomy-hem-hushall-sv","12":"atta45_taxonomy-tema-inspiration-speciella-trycktekniker-name-it-sv","13":"atta45_taxonomy-tema-inspiration-ogonblick-sv","14":"atta45_taxonomy-tema-inspiration-branscher-sjukvard-sv","15":"atta45_taxonomy-tema-inspiration-branscher-skonhet-friskvard-sv","16":"atta45_taxonomy-tema-inspiration-sv","17":"atta45_taxonomy-tema-inspiration-branscher-utbildning-sv","19":"first","20":"instock","21":"taxable","22":"shipping-taxable","23":"purchasable","24":"product-type-variable"},"acf":[],"_links":{"self":[{"href":"https:\/\/www.atta45.se\/e-butik\/wp-json\/wp\/v2\/product\/70852","targetHints":{"allow":["GET"]}}],"collection":[{"href":"https:\/\/www.atta45.se\/e-butik\/wp-json\/wp\/v2\/product"}],"about":[{"href":"https:\/\/www.atta45.se\/e-butik\/wp-json\/wp\/v2\/types\/product"}],"wp:featuredmedia":[{"embeddable":true,"href":"https:\/\/www.atta45.se\/e-butik\/wp-json\/wp\/v2\/media\/70853"}],"wp:attachment":[{"href":"https:\/\/www.atta45.se\/e-butik\/wp-json\/wp\/v2\/media?parent=70852"}],"wp:term":[{"taxonomy":"product_brand","embeddable":true,"href":"https:\/\/www.atta45.se\/e-butik\/wp-json\/wp\/v2\/product_brand?post=70852"},{"taxonomy":"product_cat","embeddable":true,"href":"https:\/\/www.atta45.se\/e-butik\/wp-json\/wp\/v2\/product_cat?post=70852"},{"taxonomy":"product_tag","embeddable":true,"href":"https:\/\/www.atta45.se\/e-butik\/wp-json\/wp\/v2\/product_tag?post=70852"}],"curies":[{"name":"wp","href":"https:\/\/api.w.org\/{rel}","templated":true}]}}