{"id":70810,"date":"2024-12-27T01:01:37","date_gmt":"2024-12-27T00:01:37","guid":{"rendered":"https:\/\/www.atta45.se\/e-butik\/?post_type=product&#038;p=70810"},"modified":"2025-10-27T20:38:32","modified_gmt":"2025-10-27T19:38:32","slug":"sjukskoterskekocka","status":"publish","type":"product","link":"https:\/\/www.atta45.se\/e-butik\/produkt\/sjukskoterskekocka\/","title":{"rendered":"Sjuksk\u00f6terskekocka"},"content":{"rendered":"<p>Sjuksk\u00f6terskekocka med siffror i silver och vitf\u00e4rgade siffror p\u00e5 urtavlan och en rektangul\u00e4r platta med s\u00e4kerhetsn\u00e5l p\u00e5 baksidan. Batterier ing\u00e5r.<\/p>\n","protected":false},"excerpt":{"rendered":"<p>Sjuksk\u00f6terskekocka med siffror i silver och vitf\u00e4rgade siffror p\u00e5 urtavlan och en rektangul\u00e4r platta med s\u00e4kerhetsn\u00e5l p\u00e5 baksidan. Batterier ing\u00e5r.<\/p>\n","protected":false},"featured_media":70811,"template":"","meta":{"_acf_changed":false,"_seopress_robots_primary_cat":"","_seopress_titles_title":"","_seopress_titles_desc":"","_seopress_robots_index":""},"product_brand":[],"product_cat":[15],"product_tag":[],"class_list":{"0":"post-70810","1":"product","2":"type-product","3":"status-publish","4":"has-post-thumbnail","6":"product_cat-okategoriserad","7":"atta45_taxonomy-tema-inspiration-branscher-sv","8":"atta45_taxonomy-elektronik-kontor-sv","9":"atta45_taxonomy-hem-hushall-sv","10":"atta45_taxonomy-tema-inspiration-branscher-sjukvard-sv","11":"atta45_taxonomy-tema-inspiration-sv","13":"first","14":"instock","15":"taxable","16":"shipping-taxable","17":"purchasable","18":"product-type-variable"},"acf":[],"_links":{"self":[{"href":"https:\/\/www.atta45.se\/e-butik\/wp-json\/wp\/v2\/product\/70810","targetHints":{"allow":["GET"]}}],"collection":[{"href":"https:\/\/www.atta45.se\/e-butik\/wp-json\/wp\/v2\/product"}],"about":[{"href":"https:\/\/www.atta45.se\/e-butik\/wp-json\/wp\/v2\/types\/product"}],"wp:featuredmedia":[{"embeddable":true,"href":"https:\/\/www.atta45.se\/e-butik\/wp-json\/wp\/v2\/media\/70811"}],"wp:attachment":[{"href":"https:\/\/www.atta45.se\/e-butik\/wp-json\/wp\/v2\/media?parent=70810"}],"wp:term":[{"taxonomy":"product_brand","embeddable":true,"href":"https:\/\/www.atta45.se\/e-butik\/wp-json\/wp\/v2\/product_brand?post=70810"},{"taxonomy":"product_cat","embeddable":true,"href":"https:\/\/www.atta45.se\/e-butik\/wp-json\/wp\/v2\/product_cat?post=70810"},{"taxonomy":"product_tag","embeddable":true,"href":"https:\/\/www.atta45.se\/e-butik\/wp-json\/wp\/v2\/product_tag?post=70810"}],"curies":[{"name":"wp","href":"https:\/\/api.w.org\/{rel}","templated":true}]}}