{"id":70760,"date":"2024-12-27T01:00:53","date_gmt":"2024-12-27T00:00:53","guid":{"rendered":"https:\/\/www.atta45.se\/e-butik\/?post_type=product&#038;p=70760"},"modified":"2025-10-27T20:25:42","modified_gmt":"2025-10-27T19:25:42","slug":"massagepistol-av-abs-axel","status":"publish","type":"product","link":"https:\/\/www.atta45.se\/e-butik\/produkt\/massagepistol-av-abs-axel\/","title":{"rendered":"Massagepistol av ABS Axel"},"content":{"rendered":"<p>ABS massagepistol med borstmotor (hastighet 1800 &#8211; 3200 rpm) och 1200 mAh uppladdningsbart batteri. 5V ing\u00e5ng och 6 intensitetsniv\u00e5er f\u00f6r att massera musklerna. Individuellt f\u00f6rpackad per styck i presentf\u00f6rpackning, inklusive 4 massagehuvuden.<\/p>\n","protected":false},"excerpt":{"rendered":"<p>ABS massagepistol med borstmotor (hastighet 1800 &#8211; 3200 rpm) och 1200 mAh uppladdningsbart batteri. 5V ing\u00e5ng och 6 intensitetsniv\u00e5er f\u00f6r att massera musklerna. Individuellt f\u00f6rpackad per styck i presentf\u00f6rpackning, inklusive 4 massagehuvuden.<\/p>\n","protected":false},"featured_media":70761,"template":"","meta":{"_acf_changed":false,"_seopress_robots_primary_cat":"","_seopress_titles_title":"","_seopress_titles_desc":"","_seopress_robots_index":""},"product_brand":[],"product_cat":[15],"product_tag":[],"class_list":{"0":"post-70760","1":"product","2":"type-product","3":"status-publish","4":"has-post-thumbnail","6":"product_cat-okategoriserad","7":"atta45_taxonomy-hem-hushall-sv","8":"atta45_taxonomy-nyheter-sv","9":"atta45_taxonomy-tema-inspiration-utvalda-produkter-nyheter-sv","11":"first","12":"instock","13":"taxable","14":"shipping-taxable","15":"purchasable","16":"product-type-variable"},"acf":[],"_links":{"self":[{"href":"https:\/\/www.atta45.se\/e-butik\/wp-json\/wp\/v2\/product\/70760","targetHints":{"allow":["GET"]}}],"collection":[{"href":"https:\/\/www.atta45.se\/e-butik\/wp-json\/wp\/v2\/product"}],"about":[{"href":"https:\/\/www.atta45.se\/e-butik\/wp-json\/wp\/v2\/types\/product"}],"wp:featuredmedia":[{"embeddable":true,"href":"https:\/\/www.atta45.se\/e-butik\/wp-json\/wp\/v2\/media\/70761"}],"wp:attachment":[{"href":"https:\/\/www.atta45.se\/e-butik\/wp-json\/wp\/v2\/media?parent=70760"}],"wp:term":[{"taxonomy":"product_brand","embeddable":true,"href":"https:\/\/www.atta45.se\/e-butik\/wp-json\/wp\/v2\/product_brand?post=70760"},{"taxonomy":"product_cat","embeddable":true,"href":"https:\/\/www.atta45.se\/e-butik\/wp-json\/wp\/v2\/product_cat?post=70760"},{"taxonomy":"product_tag","embeddable":true,"href":"https:\/\/www.atta45.se\/e-butik\/wp-json\/wp\/v2\/product_tag?post=70760"}],"curies":[{"name":"wp","href":"https:\/\/api.w.org\/{rel}","templated":true}]}}