{"id":70746,"date":"2024-12-27T01:00:40","date_gmt":"2024-12-27T00:00:40","guid":{"rendered":"https:\/\/www.atta45.se\/e-butik\/?post_type=product&#038;p=70746"},"modified":"2025-10-27T19:59:35","modified_gmt":"2025-10-27T18:59:35","slug":"sminkvaska-i-atervunnen-bomull-180-gsm-cressida","status":"publish","type":"product","link":"https:\/\/www.atta45.se\/e-butik\/produkt\/sminkvaska-i-atervunnen-bomull-180-gsm-cressida\/","title":{"rendered":"Sminkv\u00e4ska i \u00e5tervunnen bomull (180 gsm) Cressida"},"content":{"rendered":"<p>Sminkv\u00e4ska i \u00e5tervunnen bomull (180 gsm) med dragkedja. Tillverkad i 100% \u00e5tervunnen bomull.<\/p>\n","protected":false},"excerpt":{"rendered":"<p>Sminkv\u00e4ska i \u00e5tervunnen bomull (180 gsm) med dragkedja. Tillverkad i 100% \u00e5tervunnen bomull.<\/p>\n","protected":false},"featured_media":70747,"template":"","meta":{"_acf_changed":false,"_seopress_robots_primary_cat":"","_seopress_titles_title":"","_seopress_titles_desc":"","_seopress_robots_index":""},"product_brand":[],"product_cat":[15],"product_tag":[],"class_list":{"0":"post-70746","1":"product","2":"type-product","3":"status-publish","4":"has-post-thumbnail","6":"product_cat-okategoriserad","7":"atta45_taxonomy-tema-inspiration-grona-intryck-sv","8":"atta45_taxonomy-textil-halsovard-och-valbefinnande-sv","9":"atta45_taxonomy-hem-hushall-sv","10":"atta45_taxonomy-textil-hem-interior-sv","11":"atta45_taxonomy-nyheter-sv","12":"atta45_taxonomy-tema-inspiration-utvalda-produkter-nyheter-sv","13":"atta45_taxonomy-vaskor-resetillbehor-researtiklar-sv","14":"atta45_taxonomy-tema-inspiration-branscher-skonhet-friskvard-sv","15":"atta45_taxonomy-vaskor-resetillbehor-sminkvaska-sv","16":"atta45_taxonomy-tema-inspiration-sv","17":"atta45_taxonomy-vaskor-resetillbehor-sv","19":"first","20":"instock","21":"taxable","22":"shipping-taxable","23":"purchasable","24":"product-type-variable"},"acf":[],"_links":{"self":[{"href":"https:\/\/www.atta45.se\/e-butik\/wp-json\/wp\/v2\/product\/70746","targetHints":{"allow":["GET"]}}],"collection":[{"href":"https:\/\/www.atta45.se\/e-butik\/wp-json\/wp\/v2\/product"}],"about":[{"href":"https:\/\/www.atta45.se\/e-butik\/wp-json\/wp\/v2\/types\/product"}],"wp:featuredmedia":[{"embeddable":true,"href":"https:\/\/www.atta45.se\/e-butik\/wp-json\/wp\/v2\/media\/70747"}],"wp:attachment":[{"href":"https:\/\/www.atta45.se\/e-butik\/wp-json\/wp\/v2\/media?parent=70746"}],"wp:term":[{"taxonomy":"product_brand","embeddable":true,"href":"https:\/\/www.atta45.se\/e-butik\/wp-json\/wp\/v2\/product_brand?post=70746"},{"taxonomy":"product_cat","embeddable":true,"href":"https:\/\/www.atta45.se\/e-butik\/wp-json\/wp\/v2\/product_cat?post=70746"},{"taxonomy":"product_tag","embeddable":true,"href":"https:\/\/www.atta45.se\/e-butik\/wp-json\/wp\/v2\/product_tag?post=70746"}],"curies":[{"name":"wp","href":"https:\/\/api.w.org\/{rel}","templated":true}]}}