{"id":70662,"date":"2024-12-27T00:58:25","date_gmt":"2024-12-26T23:58:25","guid":{"rendered":"https:\/\/www.atta45.se\/e-butik\/?post_type=product&#038;p=70662"},"modified":"2025-10-28T02:58:20","modified_gmt":"2025-10-28T01:58:20","slug":"turtle-care-universell-veterinar-djur-250ml","status":"publish","type":"product","link":"https:\/\/www.atta45.se\/e-butik\/produkt\/turtle-care-universell-veterinar-djur-250ml\/","title":{"rendered":"Turtle Care Universell Veterin\u00e4r &amp; Djur (250ml)"},"content":{"rendered":"<p>Bakterier utvecklar ingen resistens mot hypoklorsyra i sj\u00e4lva verket har det d\u00f6dat varje patogen (virus, bakterier, svamp, m\u00f6gel, etc.) som det har testats vetenskapligt mot. Ett f\u00e4rdigblandat, anv\u00e4ndarv\u00e4nligt desinfektionsmedel.<\/p>\n<p>pH v\u00e4rde i produkten ligger p\u00e5 6,5 &#8211; 6,7.<\/p>\n","protected":false},"excerpt":{"rendered":"<p>Bakterier utvecklar ingen resistens mot hypoklorsyra i sj\u00e4lva verket har det d\u00f6dat varje patogen (virus, bakterier, svamp, m\u00f6gel, etc.) som det har testats vetenskapligt mot. Ett f\u00e4rdigblandat, anv\u00e4ndarv\u00e4nligt desinfektionsmedel. pH v\u00e4rde i produkten ligger p\u00e5 6,5 &#8211; 6,7.<\/p>\n","protected":false},"featured_media":0,"template":"","meta":{"_acf_changed":false,"_seopress_robots_primary_cat":"","_seopress_titles_title":"","_seopress_titles_desc":"","_seopress_robots_index":""},"product_brand":[],"product_cat":[15],"product_tag":[],"class_list":{"0":"post-70662","1":"product","2":"type-product","3":"status-publish","5":"product_cat-okategoriserad","6":"atta45_taxonomy-halsa-sakerhet-sv","8":"first","9":"instock","10":"taxable","11":"shipping-taxable","12":"purchasable","13":"product-type-variable"},"acf":[],"_links":{"self":[{"href":"https:\/\/www.atta45.se\/e-butik\/wp-json\/wp\/v2\/product\/70662","targetHints":{"allow":["GET"]}}],"collection":[{"href":"https:\/\/www.atta45.se\/e-butik\/wp-json\/wp\/v2\/product"}],"about":[{"href":"https:\/\/www.atta45.se\/e-butik\/wp-json\/wp\/v2\/types\/product"}],"wp:attachment":[{"href":"https:\/\/www.atta45.se\/e-butik\/wp-json\/wp\/v2\/media?parent=70662"}],"wp:term":[{"taxonomy":"product_brand","embeddable":true,"href":"https:\/\/www.atta45.se\/e-butik\/wp-json\/wp\/v2\/product_brand?post=70662"},{"taxonomy":"product_cat","embeddable":true,"href":"https:\/\/www.atta45.se\/e-butik\/wp-json\/wp\/v2\/product_cat?post=70662"},{"taxonomy":"product_tag","embeddable":true,"href":"https:\/\/www.atta45.se\/e-butik\/wp-json\/wp\/v2\/product_tag?post=70662"}],"curies":[{"name":"wp","href":"https:\/\/api.w.org\/{rel}","templated":true}]}}