{"id":70634,"date":"2024-12-27T00:56:58","date_gmt":"2024-12-26T23:56:58","guid":{"rendered":"https:\/\/www.atta45.se\/e-butik\/?post_type=product&#038;p=70634"},"modified":"2025-10-28T02:57:16","modified_gmt":"2025-10-28T01:57:16","slug":"turtle-care-desinfektion-hovar-250ml","status":"publish","type":"product","link":"https:\/\/www.atta45.se\/e-butik\/produkt\/turtle-care-desinfektion-hovar-250ml\/","title":{"rendered":"Turtle Care Desinfektion Hovar (250ml)"},"content":{"rendered":"<p>Desinfektion f\u00f6r reng\u00f6ring av hovar, spolning av s\u00e5r och andra delar. <\/p>\n<p>Bakterier utvecklar ingen resistens mot hypoklorsyra i sj\u00e4lva verket har det d\u00f6dat varje patogen (virus, bakterier, svamp, m\u00f6gel, etc.) som det har testats vetenskapligt mot. Ett f\u00e4rdigblandat, anv\u00e4ndarv\u00e4nligt desinfektionsmedel.<\/p>\n<p>pH v\u00e4rde i produkten ligger p\u00e5 6,5 &#8211; 6,7.<\/p>\n","protected":false},"excerpt":{"rendered":"<p>Desinfektion f\u00f6r reng\u00f6ring av hovar, spolning av s\u00e5r och andra delar. Bakterier utvecklar ingen resistens mot hypoklorsyra i sj\u00e4lva verket har det d\u00f6dat varje patogen (virus, bakterier, svamp, m\u00f6gel, etc.) som det har testats vetenskapligt mot. Ett f\u00e4rdigblandat, anv\u00e4ndarv\u00e4nligt desinfektionsmedel. pH v\u00e4rde i produkten ligger p\u00e5 6,5 &#8211; 6,7.<\/p>\n","protected":false},"featured_media":70635,"template":"","meta":{"_acf_changed":false,"_seopress_robots_primary_cat":"","_seopress_titles_title":"","_seopress_titles_desc":"","_seopress_robots_index":""},"product_brand":[],"product_cat":[15],"product_tag":[],"class_list":{"0":"post-70634","1":"product","2":"type-product","3":"status-publish","4":"has-post-thumbnail","6":"product_cat-okategoriserad","7":"atta45_taxonomy-halsa-sakerhet-sv","9":"first","10":"instock","11":"taxable","12":"shipping-taxable","13":"purchasable","14":"product-type-variable"},"acf":[],"_links":{"self":[{"href":"https:\/\/www.atta45.se\/e-butik\/wp-json\/wp\/v2\/product\/70634","targetHints":{"allow":["GET"]}}],"collection":[{"href":"https:\/\/www.atta45.se\/e-butik\/wp-json\/wp\/v2\/product"}],"about":[{"href":"https:\/\/www.atta45.se\/e-butik\/wp-json\/wp\/v2\/types\/product"}],"wp:featuredmedia":[{"embeddable":true,"href":"https:\/\/www.atta45.se\/e-butik\/wp-json\/wp\/v2\/media\/70635"}],"wp:attachment":[{"href":"https:\/\/www.atta45.se\/e-butik\/wp-json\/wp\/v2\/media?parent=70634"}],"wp:term":[{"taxonomy":"product_brand","embeddable":true,"href":"https:\/\/www.atta45.se\/e-butik\/wp-json\/wp\/v2\/product_brand?post=70634"},{"taxonomy":"product_cat","embeddable":true,"href":"https:\/\/www.atta45.se\/e-butik\/wp-json\/wp\/v2\/product_cat?post=70634"},{"taxonomy":"product_tag","embeddable":true,"href":"https:\/\/www.atta45.se\/e-butik\/wp-json\/wp\/v2\/product_tag?post=70634"}],"curies":[{"name":"wp","href":"https:\/\/api.w.org\/{rel}","templated":true}]}}