{"id":70574,"date":"2024-12-27T00:55:28","date_gmt":"2024-12-26T23:55:28","guid":{"rendered":"https:\/\/www.atta45.se\/e-butik\/?post_type=product&#038;p=70574"},"modified":"2025-10-28T00:32:03","modified_gmt":"2025-10-27T23:32:03","slug":"munskydd-ffp2-i-textil-eu","status":"publish","type":"product","link":"https:\/\/www.atta45.se\/e-butik\/produkt\/munskydd-ffp2-i-textil-eu\/","title":{"rendered":"Munskydd FFP2 i textil EU"},"content":{"rendered":"<p>Certifierad skyddsmask gjord av fyra lager, det \u00f6vre lagret \u00e4r tillverkat av mikrofiber, botten \u00e4r gjord av nonwoven interlining. \u00d6verkanten \u00e4r profilerad, tack vare vilken den passar ditt ansikte perfekt.<\/p>\n<p>Hela produkten trycks i din design. Allt fr\u00e5n bottenf\u00e4rgen till logotypen. G\u00f6rs i fullf\u00e4rgstryck, vilket ger total frihet i f\u00e4rger och layout.<\/p>\n<p>Material: 100% polyester<br \/>Utsida &#8211; 85g mikrofiber med tryck<br \/>Insida-2x non-woven MELT BLOWN 20g lager + metall t\u00e5h\u00e4tta<br \/>Insida &#8211; vit mikrofiber 85g <\/p>\n<p>The One Premium<\/p>\n","protected":false},"excerpt":{"rendered":"<p>Certifierad skyddsmask gjord av fyra lager, det \u00f6vre lagret \u00e4r tillverkat av mikrofiber, botten \u00e4r gjord av nonwoven interlining. \u00d6verkanten \u00e4r profilerad, tack vare vilken den passar ditt ansikte perfekt. Hela produkten trycks i din design. Allt fr\u00e5n bottenf\u00e4rgen till logotypen. G\u00f6rs i fullf\u00e4rgstryck, vilket ger total frihet i f\u00e4rger och layout. Material: 100% polyesterUtsida [&hellip;]<\/p>\n","protected":false},"featured_media":70575,"template":"","meta":{"_acf_changed":false,"_seopress_robots_primary_cat":"","_seopress_titles_title":"","_seopress_titles_desc":"","_seopress_robots_index":""},"product_brand":[],"product_cat":[15],"product_tag":[],"class_list":{"0":"post-70574","1":"product","2":"type-product","3":"status-publish","4":"has-post-thumbnail","6":"product_cat-okategoriserad","7":"atta45_taxonomy-halsa-sakerhet-sv","8":"atta45_taxonomy-reflexer-verktyg-sakerhet-sjukvardstillbehor-sv","9":"atta45_taxonomy-tema-inspiration-varumarken-the-one-premium-sv","11":"first","12":"instock","13":"taxable","14":"shipping-taxable","15":"purchasable","16":"product-type-variable"},"acf":[],"_links":{"self":[{"href":"https:\/\/www.atta45.se\/e-butik\/wp-json\/wp\/v2\/product\/70574","targetHints":{"allow":["GET"]}}],"collection":[{"href":"https:\/\/www.atta45.se\/e-butik\/wp-json\/wp\/v2\/product"}],"about":[{"href":"https:\/\/www.atta45.se\/e-butik\/wp-json\/wp\/v2\/types\/product"}],"wp:featuredmedia":[{"embeddable":true,"href":"https:\/\/www.atta45.se\/e-butik\/wp-json\/wp\/v2\/media\/70575"}],"wp:attachment":[{"href":"https:\/\/www.atta45.se\/e-butik\/wp-json\/wp\/v2\/media?parent=70574"}],"wp:term":[{"taxonomy":"product_brand","embeddable":true,"href":"https:\/\/www.atta45.se\/e-butik\/wp-json\/wp\/v2\/product_brand?post=70574"},{"taxonomy":"product_cat","embeddable":true,"href":"https:\/\/www.atta45.se\/e-butik\/wp-json\/wp\/v2\/product_cat?post=70574"},{"taxonomy":"product_tag","embeddable":true,"href":"https:\/\/www.atta45.se\/e-butik\/wp-json\/wp\/v2\/product_tag?post=70574"}],"curies":[{"name":"wp","href":"https:\/\/api.w.org\/{rel}","templated":true}]}}