{"id":70550,"date":"2024-12-27T00:54:51","date_gmt":"2024-12-26T23:54:51","guid":{"rendered":"https:\/\/www.atta45.se\/e-butik\/?post_type=product&#038;p=70550"},"modified":"2025-10-27T17:50:05","modified_gmt":"2025-10-27T16:50:05","slug":"munskydd-premium-textil-eu","status":"publish","type":"product","link":"https:\/\/www.atta45.se\/e-butik\/produkt\/munskydd-premium-textil-eu\/","title":{"rendered":"Munskydd Premium textil EU"},"content":{"rendered":"<p>Flerg\u00e5ngsmask med 3 flikar, tv\u00e5 lager, tillverkad av polyester, trimmad med bomullstyg p\u00e5 kortsidorna.<\/p>\n<p>Hela produkten trycks i din design. Allt fr\u00e5n bottenf\u00e4rgen till logotypen. G\u00f6rs i fullf\u00e4rgstryck, vilket ger total frihet i f\u00e4rger och layout.<\/p>\n<p>Storlek: 21 \u00d7 8 cm (+\/- 1 cm)<br \/>Material: 100% polyester + fiberduk<br \/>Materialvikt: 85g\/m\u00b2 + 25 g\/m\u00b2<br \/>F\u00f6rpackad: individuell<\/p>\n<p>The One Premium<\/p>\n","protected":false},"excerpt":{"rendered":"<p>Flerg\u00e5ngsmask med 3 flikar, tv\u00e5 lager, tillverkad av polyester, trimmad med bomullstyg p\u00e5 kortsidorna. Hela produkten trycks i din design. Allt fr\u00e5n bottenf\u00e4rgen till logotypen. G\u00f6rs i fullf\u00e4rgstryck, vilket ger total frihet i f\u00e4rger och layout. Storlek: 21 \u00d7 8 cm (+\/- 1 cm)Material: 100% polyester + fiberdukMaterialvikt: 85g\/m\u00b2 + 25 g\/m\u00b2F\u00f6rpackad: individuell The One [&hellip;]<\/p>\n","protected":false},"featured_media":70551,"template":"","meta":{"_acf_changed":false,"_seopress_robots_primary_cat":"","_seopress_titles_title":"","_seopress_titles_desc":"","_seopress_robots_index":""},"product_brand":[],"product_cat":[15],"product_tag":[],"class_list":{"0":"post-70550","1":"product","2":"type-product","3":"status-publish","4":"has-post-thumbnail","6":"product_cat-okategoriserad","7":"atta45_taxonomy-halsa-sakerhet-sv","8":"atta45_taxonomy-reflexer-verktyg-sakerhet-sjukvardstillbehor-sv","9":"atta45_taxonomy-tema-inspiration-varumarken-the-one-premium-sv","11":"first","12":"instock","13":"taxable","14":"shipping-taxable","15":"purchasable","16":"product-type-variable"},"acf":[],"_links":{"self":[{"href":"https:\/\/www.atta45.se\/e-butik\/wp-json\/wp\/v2\/product\/70550","targetHints":{"allow":["GET"]}}],"collection":[{"href":"https:\/\/www.atta45.se\/e-butik\/wp-json\/wp\/v2\/product"}],"about":[{"href":"https:\/\/www.atta45.se\/e-butik\/wp-json\/wp\/v2\/types\/product"}],"wp:featuredmedia":[{"embeddable":true,"href":"https:\/\/www.atta45.se\/e-butik\/wp-json\/wp\/v2\/media\/70551"}],"wp:attachment":[{"href":"https:\/\/www.atta45.se\/e-butik\/wp-json\/wp\/v2\/media?parent=70550"}],"wp:term":[{"taxonomy":"product_brand","embeddable":true,"href":"https:\/\/www.atta45.se\/e-butik\/wp-json\/wp\/v2\/product_brand?post=70550"},{"taxonomy":"product_cat","embeddable":true,"href":"https:\/\/www.atta45.se\/e-butik\/wp-json\/wp\/v2\/product_cat?post=70550"},{"taxonomy":"product_tag","embeddable":true,"href":"https:\/\/www.atta45.se\/e-butik\/wp-json\/wp\/v2\/product_tag?post=70550"}],"curies":[{"name":"wp","href":"https:\/\/api.w.org\/{rel}","templated":true}]}}