{"id":70414,"date":"2024-12-27T00:52:25","date_gmt":"2024-12-26T23:52:25","guid":{"rendered":"https:\/\/www.atta45.se\/e-butik\/?post_type=product&#038;p=70414"},"modified":"2025-10-27T23:44:22","modified_gmt":"2025-10-27T22:44:22","slug":"forsta-hjalpen-set-40-delar","status":"publish","type":"product","link":"https:\/\/www.atta45.se\/e-butik\/produkt\/forsta-hjalpen-set-40-delar\/","title":{"rendered":"F\u00f6rsta hj\u00e4lpen-kit, Biln\u00f6dsituation Hazel"},"content":{"rendered":"<p>Ett kombinerat f\u00f6rsta hj\u00e4lpen och s\u00e4kerhets set f\u00f6r bilen. V\u00e4skan av EVA inneh\u00e5ller: 15 pl\u00e5ster, 8 s\u00e5rtv\u00e4ttar, 2 s\u00e4kerhetsn\u00e5lar, 1 sax, 2 kompresser, 1 triangelformad bandage, 2 bandage, 1 rulle tejp, 2 s\u00e5rreng\u00f6rningsdukar, 2 v\u00e5tservetter, 1 reflexv\u00e4st EN<\/p>\n","protected":false},"excerpt":{"rendered":"<p>Ett kombinerat f\u00f6rsta hj\u00e4lpen och s\u00e4kerhets set f\u00f6r bilen. V\u00e4skan av EVA inneh\u00e5ller: 15 pl\u00e5ster, 8 s\u00e5rtv\u00e4ttar, 2 s\u00e4kerhetsn\u00e5lar, 1 sax, 2 kompresser, 1 triangelformad bandage, 2 bandage, 1 rulle tejp, 2 s\u00e5rreng\u00f6rningsdukar, 2 v\u00e5tservetter, 1 reflexv\u00e4st EN<\/p>\n","protected":false},"featured_media":70415,"template":"","meta":{"_acf_changed":false,"_seopress_robots_primary_cat":"","_seopress_titles_title":"","_seopress_titles_desc":"","_seopress_robots_index":""},"product_brand":[],"product_cat":[15],"product_tag":[],"class_list":{"0":"post-70414","1":"product","2":"type-product","3":"status-publish","4":"has-post-thumbnail","6":"product_cat-okategoriserad","7":"atta45_taxonomy-tema-inspiration-ogonblick-arbete-pagar-sv","8":"atta45_taxonomy-reflexer-verktyg-sakerhet-biltillbehor-sv","9":"atta45_taxonomy-tema-inspiration-branscher-sv","10":"atta45_taxonomy-tema-inspiration-branscher-fordonsindustrin-sv","11":"atta45_taxonomy-halsa-sakerhet-sv","12":"atta45_taxonomy-hem-hushall-sv","13":"atta45_taxonomy-reflexer-verktyg-sakerhet-sjukvardstillbehor-sv","14":"atta45_taxonomy-tema-inspiration-sv","16":"first","17":"instock","18":"taxable","19":"shipping-taxable","20":"purchasable","21":"product-type-variable"},"acf":[],"_links":{"self":[{"href":"https:\/\/www.atta45.se\/e-butik\/wp-json\/wp\/v2\/product\/70414","targetHints":{"allow":["GET"]}}],"collection":[{"href":"https:\/\/www.atta45.se\/e-butik\/wp-json\/wp\/v2\/product"}],"about":[{"href":"https:\/\/www.atta45.se\/e-butik\/wp-json\/wp\/v2\/types\/product"}],"wp:featuredmedia":[{"embeddable":true,"href":"https:\/\/www.atta45.se\/e-butik\/wp-json\/wp\/v2\/media\/70415"}],"wp:attachment":[{"href":"https:\/\/www.atta45.se\/e-butik\/wp-json\/wp\/v2\/media?parent=70414"}],"wp:term":[{"taxonomy":"product_brand","embeddable":true,"href":"https:\/\/www.atta45.se\/e-butik\/wp-json\/wp\/v2\/product_brand?post=70414"},{"taxonomy":"product_cat","embeddable":true,"href":"https:\/\/www.atta45.se\/e-butik\/wp-json\/wp\/v2\/product_cat?post=70414"},{"taxonomy":"product_tag","embeddable":true,"href":"https:\/\/www.atta45.se\/e-butik\/wp-json\/wp\/v2\/product_tag?post=70414"}],"curies":[{"name":"wp","href":"https:\/\/api.w.org\/{rel}","templated":true}]}}