{"id":7041,"date":"2021-04-01T11:10:54","date_gmt":"2021-04-01T09:10:54","guid":{"rendered":"https:\/\/www.atta45.se\/e-butik\/?post_type=product&#038;p=7041"},"modified":"2025-12-12T15:04:26","modified_gmt":"2025-12-12T14:04:26","slug":"glasunderlagg","status":"publish","type":"product","link":"https:\/\/www.atta45.se\/e-butik\/produkt\/glasunderlagg\/","title":{"rendered":"Glasunderl\u00e4gg"},"content":{"rendered":"","protected":false},"excerpt":{"rendered":"<h1>Tryck glasunderl\u00e4gg med egen design<\/h1>\n<p>Ett glasunderl\u00e4gg med eget tryck \u2013 det \u00e4r sv\u00e5rt att f\u00f6rest\u00e4lla sig ett l\u00e4ttsammare s\u00e4tt att sprida sitt varum\u00e4rke p\u00e5. Passar perfekt vid kickoffer, event, m\u00e4ssor, musikfestivaler, artistgalor, idrottsevenemang, kundm\u00f6ten med mera.<\/p>\n<p>\u00d6lunderl\u00e4gg eller glasunderl\u00e4gg med egen design ger dig en perfekt m\u00f6jlighet att g\u00f6ra reklam f\u00f6r ditt f\u00f6retag. Du designar sj\u00e4lv text och utseende \u2013 f\u00f6rutom f\u00f6retagets logotyp kanske du vill trycka ett budskap eller ett kampanjerbjudande.<br \/>\n\u00c5tta45 Tryckeri \u00e4r ett av Sveriges st\u00f6rsta tryckerier. Vi trycker snygga glasunderl\u00e4gg i olika utf\u00f6randen med text och utseende som passar dina behov.<\/p>\n<p>Har du fr\u00e5gor n\u00e5r du oss enkelt via chattfunktionen l\u00e4ngst ner till h\u00f6ger p\u00e5 den h\u00e4r sidan.<br \/>\nOm du inte hittar det du s\u00f6ker bland produktsidorna i v\u00e5r e-handel kan du enkelt beg\u00e4ra en offert via knappen nedan. Vi svarar snabbt och ger dig den support du beh\u00f6ver.<br \/>\n<a href=\"https:\/\/www.atta45.se\/e-butik\/offert\/\"><strong>Jag vill ha en offert<\/strong><\/a><\/p>\n<h2>Glasunderl\u00e4gg eller \u00f6lunderl\u00e4gg skapar en personlig k\u00e4nsla<\/h2>\n<p>Unika och personliga glasunderl\u00e4gg s\u00e4tter en personlig pr\u00e4gel p\u00e5 kontoret eller i fikarummet. Dessutom skyddar de bordet eller skrivbordet. En AW p\u00e5 kontoret eller ett kundm\u00f6te f\u00f6rh\u00f6js med snyggt designade glasunderl\u00e4gg.<\/p>\n<p>Oavsett om du vill trycka glasunderl\u00e4gg med en bild, en logotyp, ett citat eller ett erbjudande s\u00e5 ordnar vi det. Vi p\u00e5 \u00c5tta45 har gedigen erfarenhet av att trycka glas- eller \u00f6lunderl\u00e4gg av h\u00f6g kvalitet.<\/p>\n<h2>Glasunderl\u00e4gg \u2013 perfekt kundg\u00e5va<\/h2>\n<p>Vill du ge dina kunder en g\u00e5va \u00e4r glasunderl\u00e4gg ett perfekt val. Det \u00e4r inte bara en kostnadseffektiv g\u00e5va som du kan ge till relativt m\u00e5nga kunder, utan det \u00e4r ocks\u00e5 ett enkelt och trevligt s\u00e4tt att p\u00e5minna dina kunder om att du finns.<\/p>\n<p>Snyggt designade glasunderl\u00e4gg g\u00f6r ocks\u00e5 att ytterligare andra kan f\u00e5 upp \u00f6gonen f\u00f6r ditt f\u00f6retag. N\u00e4r n\u00e5gon av dina kunder f\u00e5r bes\u00f6k och s\u00e4tter fram glasunderl\u00e4ggen kan det mycket v\u00e4l leda till att blickarna faller p\u00e5 underl\u00e4ggen och samtalet leds in p\u00e5 ditt f\u00f6retag och de tj\u00e4nster du erbjuder.<\/p>\n<h2>Kund och kvalitet i fokus<\/h2>\n<p>\u00c5tta45 Tryckeri \u00e4r ett av Sveriges st\u00f6rsta och mest moderna tryckerier. Vi har funnits sedan 1999 och v\u00e5r m\u00e5ls\u00e4ttning \u00e4r att alltid prioritera dig som kund. N\u00e4r du v\u00e4nder dig till oss vill vi att du ska kunna k\u00e4nna dig trygg och omh\u00e4ndertagen och f\u00e5 den hj\u00e4lp du beh\u00f6ver. Din best\u00e4llning ska hanteras s\u00e5 smidigt, enkelt och kostnadseffektivt det bara g\u00e5r.<\/p>\n<p>Kvalitet \u00e4r ett annat viktigt fokus f\u00f6r oss. Vi p\u00e5 \u00c5tta45 arbetar h\u00e5rt med att kvalitetss\u00e4kra hela v\u00e5r tillverkningsprocess. V\u00e5rt tryckeri i Stockholm \u00e4r Skandinaviens modernaste och har kapacitet att tillgodose alla dina \u00f6nskem\u00e5l.<\/p>\n<p>Med grafiska branschens kvalitetscertifiering (CGP) i ryggen kan vi garantera att din trycksak, oavsett om det \u00e4r en omfattande broschyr eller en liten trycksak, som ett glasunderl\u00e4gg, h\u00e5ller h\u00f6gsta kvalitet.<\/p>\n<h2>Vi klimatkompenserar alla v\u00e5ra produkter<\/h2>\n<p>Ett tredje fokus f\u00f6r oss \u00e4r milj\u00f6n. \u00c5tta45 Tryckeri \u00e4r det f\u00f6rsta tryckeriet i Sverige som fick licens f\u00f6r Svanen. Vill du m\u00e4rka din trycksak med Svanen kan du bara kontakta oss s\u00e5 f\u00f6rser vi dig med v\u00e5r Svanen-logotyp.<\/p>\n<p>Allt det du best\u00e4ller h\u00e4r i e-butiken \u00e4r klimatkompenserat och milj\u00f6v\u00e4nligt och har h\u00f6g \u00e5tervinningsgrad. Tack vare v\u00e5rt samarbete med South Pole, en av v\u00e4rldens ledande utvecklare av klimatprojekt, kan vi m\u00e4rka alla v\u00e5ra trycksaker med en ClimateCalc-logotyp som visar att den \u00e4r klimatkompenserad.<\/p>\n","protected":false},"featured_media":7185,"template":"","meta":{"_acf_changed":false,"_seopress_robots_primary_cat":"none","_seopress_titles_title":"Glasunderl\u00e4gg med eget tryck | \u00c5tta.45 Tryckeri","_seopress_titles_desc":"Glasunderl\u00e4gg med eget tryck skyddar bord mot fl\u00e4ckar samtidigt som de visar din logo eller kampanjerbjudande. Vi trycker med snabb leverans till b\u00e4sta pris!","_seopress_robots_index":""},"product_brand":[],"product_cat":[15,98],"product_tag":[],"class_list":{"0":"post-7041","1":"product","2":"type-product","3":"status-publish","4":"has-post-thumbnail","6":"product_cat-okategoriserad","7":"product_cat-trycksaker","9":"first","10":"instock","11":"taxable","12":"shipping-taxable","13":"purchasable","14":"product-type-variable","15":"has-default-attributes"},"acf":[],"_links":{"self":[{"href":"https:\/\/www.atta45.se\/e-butik\/wp-json\/wp\/v2\/product\/7041","targetHints":{"allow":["GET"]}}],"collection":[{"href":"https:\/\/www.atta45.se\/e-butik\/wp-json\/wp\/v2\/product"}],"about":[{"href":"https:\/\/www.atta45.se\/e-butik\/wp-json\/wp\/v2\/types\/product"}],"wp:featuredmedia":[{"embeddable":true,"href":"https:\/\/www.atta45.se\/e-butik\/wp-json\/wp\/v2\/media\/7185"}],"wp:attachment":[{"href":"https:\/\/www.atta45.se\/e-butik\/wp-json\/wp\/v2\/media?parent=7041"}],"wp:term":[{"taxonomy":"product_brand","embeddable":true,"href":"https:\/\/www.atta45.se\/e-butik\/wp-json\/wp\/v2\/product_brand?post=7041"},{"taxonomy":"product_cat","embeddable":true,"href":"https:\/\/www.atta45.se\/e-butik\/wp-json\/wp\/v2\/product_cat?post=7041"},{"taxonomy":"product_tag","embeddable":true,"href":"https:\/\/www.atta45.se\/e-butik\/wp-json\/wp\/v2\/product_tag?post=7041"}],"curies":[{"name":"wp","href":"https:\/\/api.w.org\/{rel}","templated":true}]}}