{"id":70388,"date":"2024-12-27T00:52:01","date_gmt":"2024-12-26T23:52:01","guid":{"rendered":"https:\/\/www.atta45.se\/e-butik\/?post_type=product&#038;p=70388"},"modified":"2025-10-27T23:12:44","modified_gmt":"2025-10-27T22:12:44","slug":"dorroppnare","status":"publish","type":"product","link":"https:\/\/www.atta45.se\/e-butik\/produkt\/dorroppnare\/","title":{"rendered":"D\u00f6rr\u00f6ppnare, i metall, Alivia"},"content":{"rendered":"<p>D\u00f6rr\u00f6ppnare\/Hygiennyckel i metall med gummispets f\u00f6r kapacitiva sk\u00e4rmar, nyckelring och vagnmynt.<\/p>\n","protected":false},"excerpt":{"rendered":"<p>D\u00f6rr\u00f6ppnare\/Hygiennyckel i metall med gummispets f\u00f6r kapacitiva sk\u00e4rmar, nyckelring och vagnmynt.<\/p>\n","protected":false},"featured_media":70389,"template":"","meta":{"_acf_changed":false,"_seopress_robots_primary_cat":"","_seopress_titles_title":"","_seopress_titles_desc":"","_seopress_robots_index":""},"product_brand":[],"product_cat":[15],"product_tag":[],"class_list":{"0":"post-70388","1":"product","2":"type-product","3":"status-publish","4":"has-post-thumbnail","6":"product_cat-okategoriserad","7":"atta45_taxonomy-hem-hushall-flaskoppnare-sv","8":"atta45_taxonomy-halsa-sakerhet-sv","9":"atta45_taxonomy-tema-inspiration-speciella-trycktekniker-name-it-sv","10":"atta45_taxonomy-praktiska-ting-nyckelringar-med-lampor-sv","11":"atta45_taxonomy-praktiska-ting-nyckelringar-utan-lampor-sv","12":"atta45_taxonomy-reflexer-verktyg-sakerhet-sjukvardstillbehor-sv","14":"first","15":"instock","16":"taxable","17":"shipping-taxable","18":"purchasable","19":"product-type-variable"},"acf":[],"_links":{"self":[{"href":"https:\/\/www.atta45.se\/e-butik\/wp-json\/wp\/v2\/product\/70388","targetHints":{"allow":["GET"]}}],"collection":[{"href":"https:\/\/www.atta45.se\/e-butik\/wp-json\/wp\/v2\/product"}],"about":[{"href":"https:\/\/www.atta45.se\/e-butik\/wp-json\/wp\/v2\/types\/product"}],"wp:featuredmedia":[{"embeddable":true,"href":"https:\/\/www.atta45.se\/e-butik\/wp-json\/wp\/v2\/media\/70389"}],"wp:attachment":[{"href":"https:\/\/www.atta45.se\/e-butik\/wp-json\/wp\/v2\/media?parent=70388"}],"wp:term":[{"taxonomy":"product_brand","embeddable":true,"href":"https:\/\/www.atta45.se\/e-butik\/wp-json\/wp\/v2\/product_brand?post=70388"},{"taxonomy":"product_cat","embeddable":true,"href":"https:\/\/www.atta45.se\/e-butik\/wp-json\/wp\/v2\/product_cat?post=70388"},{"taxonomy":"product_tag","embeddable":true,"href":"https:\/\/www.atta45.se\/e-butik\/wp-json\/wp\/v2\/product_tag?post=70388"}],"curies":[{"name":"wp","href":"https:\/\/api.w.org\/{rel}","templated":true}]}}