{"id":7038,"date":"2021-04-01T11:55:02","date_gmt":"2021-04-01T09:55:02","guid":{"rendered":"https:\/\/www.atta45.se\/e-butik\/?post_type=product&#038;p=7038"},"modified":"2025-12-12T15:01:02","modified_gmt":"2025-12-12T14:01:02","slug":"papperskorg-design","status":"publish","type":"product","link":"https:\/\/www.atta45.se\/e-butik\/produkt\/papperskorg-design\/","title":{"rendered":"Papperskorg &#8211; Design"},"content":{"rendered":"","protected":false},"excerpt":{"rendered":"<p>H\u00e5ll sverige rent! En gammal reklamslogan som g\u00e4ller \u00e4n idag. Se till att dina bes\u00f6kare och kunder kan kasta sitt skr\u00e4p. Vi har tagit fram en serie med snygga papperskorgar i wellpapp som hj\u00e4lper ditt f\u00f6retag att h\u00e5lla rent p\u00e5 kontoret, butiken eller m\u00e4ssan.\u00a0Det \u00e4r en stor snygg papperskorg med tryck \u00f6ver hela ytan. Vi hj\u00e4lper dig att l\u00e4gga in Er logotype p\u00e5 plats.<\/p>\n<p>Du kan v\u00e4lja mellan 6 olika naturmilj\u00f6er:<br \/>\nDesign 1: Skogsliv<br \/>\nDesign 2: Hjortron<br \/>\nDesign 3: Gr\u00e4sl\u00f6k<br \/>\nDesign 4: Sk\u00e4rg\u00e5rd<br \/>\nDesign 5: Pr\u00e4stkrage<br \/>\nDesign 6: Gotland<\/p>\n<p><strong>Storlek:<\/strong>\u00a04 sidor med format 75 cm h\u00f6jd x 40 cm bredd x 40 cm djup (inkl lock).<\/p>\n<p><strong>Volym:<\/strong>\u00a0120 liter.<\/p>\n<p><strong>Material:<\/strong> 2 mm miniwell , montering med dubbelh\u00e4ftande tejp.<\/p>\n<p>OBS: Vi kan endast ta emot en fil per produkt. Om ni vill ladda upp fler tryckoriginal, s\u00e5 skapa en mapp som ni l\u00e4gger filerna i. Sedan komprimerar ni mappen. Vi tar emot komprimerade format s\u00e5som: zip, rar, gz och 7z.<\/p>\n","protected":false},"featured_media":7194,"template":"","meta":{"_acf_changed":false,"_seopress_robots_primary_cat":"none","_seopress_titles_title":"Papperskorgar med milj\u00f6motiv | \u00c5tta.45 Tryckeri","_seopress_titles_desc":"H\u00e5ll sverige rent! En gammal reklamslogan som g\u00e4ller \u00e4n idag. Se till att dina bes\u00f6kare och kunder kan kasta sitt skr\u00e4p p\u00e5 kontoret, butiken eller m\u00e4ssan.","_seopress_robots_index":""},"product_brand":[],"product_cat":[15,98],"product_tag":[],"class_list":{"0":"post-7038","1":"product","2":"type-product","3":"status-publish","4":"has-post-thumbnail","6":"product_cat-okategoriserad","7":"product_cat-trycksaker","9":"first","10":"instock","11":"taxable","12":"shipping-taxable","13":"purchasable","14":"product-type-variable","15":"has-default-attributes"},"acf":[],"_links":{"self":[{"href":"https:\/\/www.atta45.se\/e-butik\/wp-json\/wp\/v2\/product\/7038","targetHints":{"allow":["GET"]}}],"collection":[{"href":"https:\/\/www.atta45.se\/e-butik\/wp-json\/wp\/v2\/product"}],"about":[{"href":"https:\/\/www.atta45.se\/e-butik\/wp-json\/wp\/v2\/types\/product"}],"wp:featuredmedia":[{"embeddable":true,"href":"https:\/\/www.atta45.se\/e-butik\/wp-json\/wp\/v2\/media\/7194"}],"wp:attachment":[{"href":"https:\/\/www.atta45.se\/e-butik\/wp-json\/wp\/v2\/media?parent=7038"}],"wp:term":[{"taxonomy":"product_brand","embeddable":true,"href":"https:\/\/www.atta45.se\/e-butik\/wp-json\/wp\/v2\/product_brand?post=7038"},{"taxonomy":"product_cat","embeddable":true,"href":"https:\/\/www.atta45.se\/e-butik\/wp-json\/wp\/v2\/product_cat?post=7038"},{"taxonomy":"product_tag","embeddable":true,"href":"https:\/\/www.atta45.se\/e-butik\/wp-json\/wp\/v2\/product_tag?post=7038"}],"curies":[{"name":"wp","href":"https:\/\/api.w.org\/{rel}","templated":true}]}}