{"id":70312,"date":"2024-12-27T00:51:00","date_gmt":"2024-12-26T23:51:00","guid":{"rendered":"https:\/\/www.atta45.se\/e-butik\/?post_type=product&#038;p=70312"},"modified":"2025-10-27T21:57:40","modified_gmt":"2025-10-27T20:57:40","slug":"forsta-hjalpen-set-i-nylonfodral","status":"publish","type":"product","link":"https:\/\/www.atta45.se\/e-butik\/produkt\/forsta-hjalpen-set-i-nylonfodral\/","title":{"rendered":"F\u00f6rsta hj\u00e4lpen set i nylonfodral"},"content":{"rendered":"<p>F\u00f6rsta hj\u00e4lpen set i nylon. 12 delar. En sak alla borde ha i bilen eller varf\u00f6r inte i resv\u00e4skan!<\/p>\n","protected":false},"excerpt":{"rendered":"<p>F\u00f6rsta hj\u00e4lpen set i nylon. 12 delar. En sak alla borde ha i bilen eller varf\u00f6r inte i resv\u00e4skan!<\/p>\n","protected":false},"featured_media":70313,"template":"","meta":{"_acf_changed":false,"_seopress_robots_primary_cat":"","_seopress_titles_title":"","_seopress_titles_desc":"","_seopress_robots_index":""},"product_brand":[],"product_cat":[15],"product_tag":[],"class_list":{"0":"post-70312","1":"product","2":"type-product","3":"status-publish","4":"has-post-thumbnail","6":"product_cat-okategoriserad","7":"atta45_taxonomy-tema-inspiration-ogonblick-arbete-pagar-sv","8":"atta45_taxonomy-halsa-sakerhet-sv","9":"atta45_taxonomy-hem-hushall-sv","10":"atta45_taxonomy-reflexer-verktyg-sakerhet-sjukvardstillbehor-sv","11":"atta45_taxonomy-tema-inspiration-sv","13":"first","14":"instock","15":"taxable","16":"shipping-taxable","17":"purchasable","18":"product-type-variable"},"acf":[],"_links":{"self":[{"href":"https:\/\/www.atta45.se\/e-butik\/wp-json\/wp\/v2\/product\/70312","targetHints":{"allow":["GET"]}}],"collection":[{"href":"https:\/\/www.atta45.se\/e-butik\/wp-json\/wp\/v2\/product"}],"about":[{"href":"https:\/\/www.atta45.se\/e-butik\/wp-json\/wp\/v2\/types\/product"}],"wp:featuredmedia":[{"embeddable":true,"href":"https:\/\/www.atta45.se\/e-butik\/wp-json\/wp\/v2\/media\/70313"}],"wp:attachment":[{"href":"https:\/\/www.atta45.se\/e-butik\/wp-json\/wp\/v2\/media?parent=70312"}],"wp:term":[{"taxonomy":"product_brand","embeddable":true,"href":"https:\/\/www.atta45.se\/e-butik\/wp-json\/wp\/v2\/product_brand?post=70312"},{"taxonomy":"product_cat","embeddable":true,"href":"https:\/\/www.atta45.se\/e-butik\/wp-json\/wp\/v2\/product_cat?post=70312"},{"taxonomy":"product_tag","embeddable":true,"href":"https:\/\/www.atta45.se\/e-butik\/wp-json\/wp\/v2\/product_tag?post=70312"}],"curies":[{"name":"wp","href":"https:\/\/api.w.org\/{rel}","templated":true}]}}