{"id":70298,"date":"2024-12-27T00:50:48","date_gmt":"2024-12-26T23:50:48","guid":{"rendered":"https:\/\/www.atta45.se\/e-butik\/?post_type=product&#038;p=70298"},"modified":"2025-10-27T20:09:50","modified_gmt":"2025-10-27T19:09:50","slug":"forsta-hjalpen-set-i-polyesterpase-med-dragsko","status":"publish","type":"product","link":"https:\/\/www.atta45.se\/e-butik\/produkt\/forsta-hjalpen-set-i-polyesterpase-med-dragsko\/","title":{"rendered":"F\u00f6rsta hj\u00e4lpen-set i polyesterp\u00e5se med dragsko."},"content":{"rendered":"<p>F\u00f6rsta hj\u00e4lpen-kit i polyesterp\u00e5se med dragsko. Inneh\u00e5ller pl\u00e5ster, sterilt pl\u00e5ster, antiseptisk reng\u00f6ring, v\u00e5tservett samt tv\u00e5 sm\u00e5 antiseptiska dukar. 11 delar.<\/p>\n","protected":false},"excerpt":{"rendered":"<p>F\u00f6rsta hj\u00e4lpen-kit i polyesterp\u00e5se med dragsko. Inneh\u00e5ller pl\u00e5ster, sterilt pl\u00e5ster, antiseptisk reng\u00f6ring, v\u00e5tservett samt tv\u00e5 sm\u00e5 antiseptiska dukar. 11 delar.<\/p>\n","protected":false},"featured_media":70299,"template":"","meta":{"_acf_changed":false,"_seopress_robots_primary_cat":"","_seopress_titles_title":"","_seopress_titles_desc":"","_seopress_robots_index":""},"product_brand":[],"product_cat":[15],"product_tag":[],"class_list":{"0":"post-70298","1":"product","2":"type-product","3":"status-publish","4":"has-post-thumbnail","6":"product_cat-okategoriserad","7":"atta45_taxonomy-tema-inspiration-ogonblick-arbete-pagar-sv","8":"atta45_taxonomy-tema-inspiration-branscher-sv","9":"atta45_taxonomy-halsa-sakerhet-sv","10":"atta45_taxonomy-hem-hushall-sv","11":"atta45_taxonomy-tema-inspiration-branscher-sjukvard-sv","12":"atta45_taxonomy-reflexer-verktyg-sakerhet-sjukvardstillbehor-sv","13":"atta45_taxonomy-tema-inspiration-sv","15":"first","16":"instock","17":"taxable","18":"shipping-taxable","19":"purchasable","20":"product-type-variable"},"acf":[],"_links":{"self":[{"href":"https:\/\/www.atta45.se\/e-butik\/wp-json\/wp\/v2\/product\/70298","targetHints":{"allow":["GET"]}}],"collection":[{"href":"https:\/\/www.atta45.se\/e-butik\/wp-json\/wp\/v2\/product"}],"about":[{"href":"https:\/\/www.atta45.se\/e-butik\/wp-json\/wp\/v2\/types\/product"}],"wp:featuredmedia":[{"embeddable":true,"href":"https:\/\/www.atta45.se\/e-butik\/wp-json\/wp\/v2\/media\/70299"}],"wp:attachment":[{"href":"https:\/\/www.atta45.se\/e-butik\/wp-json\/wp\/v2\/media?parent=70298"}],"wp:term":[{"taxonomy":"product_brand","embeddable":true,"href":"https:\/\/www.atta45.se\/e-butik\/wp-json\/wp\/v2\/product_brand?post=70298"},{"taxonomy":"product_cat","embeddable":true,"href":"https:\/\/www.atta45.se\/e-butik\/wp-json\/wp\/v2\/product_cat?post=70298"},{"taxonomy":"product_tag","embeddable":true,"href":"https:\/\/www.atta45.se\/e-butik\/wp-json\/wp\/v2\/product_tag?post=70298"}],"curies":[{"name":"wp","href":"https:\/\/api.w.org\/{rel}","templated":true}]}}