{"id":70202,"date":"2024-12-27T00:49:11","date_gmt":"2024-12-26T23:49:11","guid":{"rendered":"https:\/\/www.atta45.se\/e-butik\/?post_type=product&#038;p=70202"},"modified":"2025-10-27T16:02:08","modified_gmt":"2025-10-27T15:02:08","slug":"juldekoration-i-tra-stjarna","status":"publish","type":"product","link":"https:\/\/www.atta45.se\/e-butik\/produkt\/juldekoration-i-tra-stjarna\/","title":{"rendered":"Juldekoration i tr\u00e4, Stj\u00e4rna Caspian"},"content":{"rendered":"<p>Julgransh\u00e4nge i tr\u00e4 i form av en stj\u00e4rna. Figuren levereras med ett r\u00f6tt band f\u00f6r upph\u00e4ngning.<\/p>\n","protected":false},"excerpt":{"rendered":"<p>Julgransh\u00e4nge i tr\u00e4 i form av en stj\u00e4rna. Figuren levereras med ett r\u00f6tt band f\u00f6r upph\u00e4ngning.<\/p>\n","protected":false},"featured_media":70203,"template":"","meta":{"_acf_changed":false,"_seopress_robots_primary_cat":"","_seopress_titles_title":"","_seopress_titles_desc":"","_seopress_robots_index":""},"product_brand":[],"product_cat":[15],"product_tag":[],"class_list":{"0":"post-70202","1":"product","2":"type-product","3":"status-publish","4":"has-post-thumbnail","6":"product_cat-okategoriserad","7":"atta45_taxonomy-tema-inspiration-ogonblick-arsslut-sv","8":"atta45_taxonomy-tema-inspiration-grona-intryck-sv","9":"atta45_taxonomy-hem-hushall-sv","10":"atta45_taxonomy-tema-inspiration-ogonblick-jul-sv","11":"atta45_taxonomy-tema-inspiration-ogonblick-sv","12":"atta45_taxonomy-tema-inspiration-sv","13":"atta45_taxonomy-tema-inspiration-ogonblick-vinterlandskap-sv","14":"atta45_taxonomy-fritid-xmas-sv","16":"first","17":"instock","18":"taxable","19":"shipping-taxable","20":"purchasable","21":"product-type-variable"},"acf":[],"_links":{"self":[{"href":"https:\/\/www.atta45.se\/e-butik\/wp-json\/wp\/v2\/product\/70202","targetHints":{"allow":["GET"]}}],"collection":[{"href":"https:\/\/www.atta45.se\/e-butik\/wp-json\/wp\/v2\/product"}],"about":[{"href":"https:\/\/www.atta45.se\/e-butik\/wp-json\/wp\/v2\/types\/product"}],"wp:featuredmedia":[{"embeddable":true,"href":"https:\/\/www.atta45.se\/e-butik\/wp-json\/wp\/v2\/media\/70203"}],"wp:attachment":[{"href":"https:\/\/www.atta45.se\/e-butik\/wp-json\/wp\/v2\/media?parent=70202"}],"wp:term":[{"taxonomy":"product_brand","embeddable":true,"href":"https:\/\/www.atta45.se\/e-butik\/wp-json\/wp\/v2\/product_brand?post=70202"},{"taxonomy":"product_cat","embeddable":true,"href":"https:\/\/www.atta45.se\/e-butik\/wp-json\/wp\/v2\/product_cat?post=70202"},{"taxonomy":"product_tag","embeddable":true,"href":"https:\/\/www.atta45.se\/e-butik\/wp-json\/wp\/v2\/product_tag?post=70202"}],"curies":[{"name":"wp","href":"https:\/\/api.w.org\/{rel}","templated":true}]}}