{"id":70114,"date":"2024-12-27T00:47:20","date_gmt":"2024-12-26T23:47:20","guid":{"rendered":"https:\/\/www.atta45.se\/e-butik\/?post_type=product&#038;p=70114"},"modified":"2025-10-27T23:17:18","modified_gmt":"2025-10-27T22:17:18","slug":"ateranvandbar-varmedyna-med-jultema","status":"publish","type":"product","link":"https:\/\/www.atta45.se\/e-butik\/produkt\/ateranvandbar-varmedyna-med-jultema\/","title":{"rendered":"V\u00e4rmedyna, \u00e5teranv\u00e4ndbar, jultema, Carina"},"content":{"rendered":"<p>Sj\u00e4lvuppv\u00e4rmande och \u00e5teranv\u00e4ndbar v\u00e4rmedyna i PVC. &#8221;Kn\u00e4ck&#8221; metallbiten inuti dynan f\u00f6r att v\u00e4rme ska alstras. F\u00f6r att \u00e5teranv\u00e4nda, l\u00e4gg i hett vatten 6-8 minuter till dess att v\u00e4tskan inuti \u00e5ter \u00e4r klar.<\/p>\n","protected":false},"excerpt":{"rendered":"<p>Sj\u00e4lvuppv\u00e4rmande och \u00e5teranv\u00e4ndbar v\u00e4rmedyna i PVC. &#8221;Kn\u00e4ck&#8221; metallbiten inuti dynan f\u00f6r att v\u00e4rme ska alstras. F\u00f6r att \u00e5teranv\u00e4nda, l\u00e4gg i hett vatten 6-8 minuter till dess att v\u00e4tskan inuti \u00e5ter \u00e4r klar.<\/p>\n","protected":false},"featured_media":70115,"template":"","meta":{"_acf_changed":false,"_seopress_robots_primary_cat":"","_seopress_titles_title":"","_seopress_titles_desc":"","_seopress_robots_index":""},"product_brand":[],"product_cat":[15],"product_tag":[],"class_list":{"0":"post-70114","1":"product","2":"type-product","3":"status-publish","4":"has-post-thumbnail","6":"product_cat-okategoriserad","7":"atta45_taxonomy-tema-inspiration-ogonblick-arsslut-sv","8":"atta45_taxonomy-tema-inspiration-ogonblick-jul-sv","9":"atta45_taxonomy-tema-inspiration-ogonblick-sv","10":"atta45_taxonomy-tema-inspiration-sasong-sv","11":"atta45_taxonomy-tema-inspiration-sv","12":"atta45_taxonomy-tema-inspiration-sasong-vinter-sv","13":"atta45_taxonomy-tema-inspiration-ogonblick-vinterlandskap-sv","14":"atta45_taxonomy-fritid-xmas-sv","16":"first","17":"instock","18":"taxable","19":"shipping-taxable","20":"purchasable","21":"product-type-variable"},"acf":[],"_links":{"self":[{"href":"https:\/\/www.atta45.se\/e-butik\/wp-json\/wp\/v2\/product\/70114","targetHints":{"allow":["GET"]}}],"collection":[{"href":"https:\/\/www.atta45.se\/e-butik\/wp-json\/wp\/v2\/product"}],"about":[{"href":"https:\/\/www.atta45.se\/e-butik\/wp-json\/wp\/v2\/types\/product"}],"wp:featuredmedia":[{"embeddable":true,"href":"https:\/\/www.atta45.se\/e-butik\/wp-json\/wp\/v2\/media\/70115"}],"wp:attachment":[{"href":"https:\/\/www.atta45.se\/e-butik\/wp-json\/wp\/v2\/media?parent=70114"}],"wp:term":[{"taxonomy":"product_brand","embeddable":true,"href":"https:\/\/www.atta45.se\/e-butik\/wp-json\/wp\/v2\/product_brand?post=70114"},{"taxonomy":"product_cat","embeddable":true,"href":"https:\/\/www.atta45.se\/e-butik\/wp-json\/wp\/v2\/product_cat?post=70114"},{"taxonomy":"product_tag","embeddable":true,"href":"https:\/\/www.atta45.se\/e-butik\/wp-json\/wp\/v2\/product_tag?post=70114"}],"curies":[{"name":"wp","href":"https:\/\/api.w.org\/{rel}","templated":true}]}}