{"id":70044,"date":"2024-12-27T00:46:09","date_gmt":"2024-12-26T23:46:09","guid":{"rendered":"https:\/\/www.atta45.se\/e-butik\/?post_type=product&#038;p=70044"},"modified":"2025-10-28T02:54:40","modified_gmt":"2025-10-28T01:54:40","slug":"galaxy-comet-vattenflaska","status":"publish","type":"product","link":"https:\/\/www.atta45.se\/e-butik\/produkt\/galaxy-comet-vattenflaska\/","title":{"rendered":"Vattenflaska Comet (500 ml)"},"content":{"rendered":"<p>Den perfekta vattenflaskan inte bara f\u00f6r aktiva m\u00e4nniskor. Tillverkad av tritan, ett material som \u00e4r helt s\u00e4kert, l\u00e4tt, okrossbart, temperaturbest\u00e4ndigt, varma drycker kan h\u00e4llas i det, f\u00f6rlorar inte sitt ursprungliga utseende \u00e4ven efter flera hundra diskcykler i diskmaskinen, \u00e4ndrar inte smaken p\u00e5 lagrade drycker , skyddar drycken mot UV-str\u00e5lning. Tack vare handledens koppel som finns i flera f\u00e4rgalternativ \u00e4r det en idealisk present inte bara f\u00f6r aktiva m\u00e4nniskor. Dessutom har den ett manuellt skydd som f\u00f6rhindrar oavsiktlig \u00f6ppning.<\/p>\n<p>Galaxy<\/p>\n","protected":false},"excerpt":{"rendered":"<p>Den perfekta vattenflaskan inte bara f\u00f6r aktiva m\u00e4nniskor. Tillverkad av tritan, ett material som \u00e4r helt s\u00e4kert, l\u00e4tt, okrossbart, temperaturbest\u00e4ndigt, varma drycker kan h\u00e4llas i det, f\u00f6rlorar inte sitt ursprungliga utseende \u00e4ven efter flera hundra diskcykler i diskmaskinen, \u00e4ndrar inte smaken p\u00e5 lagrade drycker , skyddar drycken mot UV-str\u00e5lning. Tack vare handledens koppel som finns [&hellip;]<\/p>\n","protected":false},"featured_media":70045,"template":"","meta":{"_acf_changed":false,"_seopress_robots_primary_cat":"","_seopress_titles_title":"","_seopress_titles_desc":"","_seopress_robots_index":""},"product_brand":[],"product_cat":[15],"product_tag":[],"class_list":{"0":"post-70044","1":"product","2":"type-product","3":"status-publish","4":"has-post-thumbnail","6":"product_cat-okategoriserad","7":"atta45_taxonomy-tema-inspiration-varumarken-galaxy-collection-sv","8":"atta45_taxonomy-fritid-vattenflaskor-sv","10":"first","11":"instock","12":"taxable","13":"shipping-taxable","14":"purchasable","15":"product-type-variable"},"acf":[],"_links":{"self":[{"href":"https:\/\/www.atta45.se\/e-butik\/wp-json\/wp\/v2\/product\/70044","targetHints":{"allow":["GET"]}}],"collection":[{"href":"https:\/\/www.atta45.se\/e-butik\/wp-json\/wp\/v2\/product"}],"about":[{"href":"https:\/\/www.atta45.se\/e-butik\/wp-json\/wp\/v2\/types\/product"}],"wp:featuredmedia":[{"embeddable":true,"href":"https:\/\/www.atta45.se\/e-butik\/wp-json\/wp\/v2\/media\/70045"}],"wp:attachment":[{"href":"https:\/\/www.atta45.se\/e-butik\/wp-json\/wp\/v2\/media?parent=70044"}],"wp:term":[{"taxonomy":"product_brand","embeddable":true,"href":"https:\/\/www.atta45.se\/e-butik\/wp-json\/wp\/v2\/product_brand?post=70044"},{"taxonomy":"product_cat","embeddable":true,"href":"https:\/\/www.atta45.se\/e-butik\/wp-json\/wp\/v2\/product_cat?post=70044"},{"taxonomy":"product_tag","embeddable":true,"href":"https:\/\/www.atta45.se\/e-butik\/wp-json\/wp\/v2\/product_tag?post=70044"}],"curies":[{"name":"wp","href":"https:\/\/api.w.org\/{rel}","templated":true}]}}