{"id":69957,"date":"2024-12-27T00:43:27","date_gmt":"2024-12-26T23:43:27","guid":{"rendered":"https:\/\/www.atta45.se\/e-butik\/?post_type=product&#038;p=69957"},"modified":"2025-10-27T17:25:09","modified_gmt":"2025-10-27T16:25:09","slug":"galaxy-moon-termos-mugg","status":"publish","type":"product","link":"https:\/\/www.atta45.se\/e-butik\/produkt\/galaxy-moon-termos-mugg\/","title":{"rendered":"Termos mugg Moon (420 ml)"},"content":{"rendered":"<p>Vad har smaken av ditt favoritbladste eller lemonad med bitar av saftig frukt och en effektiv reklampresent gemensamt? BEKV\u00c4MLIGHET!<\/p>\n<p>V\u00e4lj Moon-vakuumkolven, som genom att h\u00e5lla temperaturen \u00e4nnu l\u00e4ngre och ha en funktionell sil l\u00e5ter anv\u00e4ndaren kompromissl\u00f6st njuta av sin favoritdryck.<\/p>\n<p>Snygg keps i &#8221;Soft Touch&#8221;-version med en funktionell rem avslutad med en smakfull kl\u00e4mma, kommer att framh\u00e4va m\u00e4rkets prestigefyllda karakt\u00e4r. <\/p>\n<p>Presentf\u00f6rpackning med matchande logotryck ing\u00e5r alltid i priset.?<\/p>\n<p>Galaxy <\/p>\n","protected":false},"excerpt":{"rendered":"<p>Vad har smaken av ditt favoritbladste eller lemonad med bitar av saftig frukt och en effektiv reklampresent gemensamt? BEKV\u00c4MLIGHET! V\u00e4lj Moon-vakuumkolven, som genom att h\u00e5lla temperaturen \u00e4nnu l\u00e4ngre och ha en funktionell sil l\u00e5ter anv\u00e4ndaren kompromissl\u00f6st njuta av sin favoritdryck. Snygg keps i &#8221;Soft Touch&#8221;-version med en funktionell rem avslutad med en smakfull kl\u00e4mma, kommer [&hellip;]<\/p>\n","protected":false},"featured_media":69958,"template":"","meta":{"_acf_changed":false,"_seopress_robots_primary_cat":"","_seopress_titles_title":"","_seopress_titles_desc":"","_seopress_robots_index":""},"product_brand":[],"product_cat":[15],"product_tag":[],"class_list":{"0":"post-69957","1":"product","2":"type-product","3":"status-publish","4":"has-post-thumbnail","6":"product_cat-okategoriserad","7":"atta45_taxonomy-tema-inspiration-varumarken-galaxy-collection-sv","8":"atta45_taxonomy-hem-hushall-muggar-sv","9":"atta45_taxonomy-muggar-muggar-sv","10":"atta45_taxonomy-fritid-termos-sv","12":"first","13":"instock","14":"taxable","15":"shipping-taxable","16":"purchasable","17":"product-type-variable"},"acf":[],"_links":{"self":[{"href":"https:\/\/www.atta45.se\/e-butik\/wp-json\/wp\/v2\/product\/69957","targetHints":{"allow":["GET"]}}],"collection":[{"href":"https:\/\/www.atta45.se\/e-butik\/wp-json\/wp\/v2\/product"}],"about":[{"href":"https:\/\/www.atta45.se\/e-butik\/wp-json\/wp\/v2\/types\/product"}],"wp:featuredmedia":[{"embeddable":true,"href":"https:\/\/www.atta45.se\/e-butik\/wp-json\/wp\/v2\/media\/69958"}],"wp:attachment":[{"href":"https:\/\/www.atta45.se\/e-butik\/wp-json\/wp\/v2\/media?parent=69957"}],"wp:term":[{"taxonomy":"product_brand","embeddable":true,"href":"https:\/\/www.atta45.se\/e-butik\/wp-json\/wp\/v2\/product_brand?post=69957"},{"taxonomy":"product_cat","embeddable":true,"href":"https:\/\/www.atta45.se\/e-butik\/wp-json\/wp\/v2\/product_cat?post=69957"},{"taxonomy":"product_tag","embeddable":true,"href":"https:\/\/www.atta45.se\/e-butik\/wp-json\/wp\/v2\/product_tag?post=69957"}],"curies":[{"name":"wp","href":"https:\/\/api.w.org\/{rel}","templated":true}]}}