{"id":69927,"date":"2024-12-27T00:43:07","date_gmt":"2024-12-26T23:43:07","guid":{"rendered":"https:\/\/www.atta45.se\/e-butik\/?post_type=product&#038;p=69927"},"modified":"2025-10-27T17:24:57","modified_gmt":"2025-10-27T16:24:57","slug":"galaxy-meteor-termos-mugg","status":"publish","type":"product","link":"https:\/\/www.atta45.se\/e-butik\/produkt\/galaxy-meteor-termos-mugg\/","title":{"rendered":"Termos mugg Meteor (320 ml)"},"content":{"rendered":"<p>Letar du efter en modern termomugg som h\u00e5ller temperaturen \u00e4nnu l\u00e4ngre? V\u00e4lj Meteor, modell tillverkad i vakuumisoleringsteknik.<\/p>\n<p>Produkten finns i tv\u00e5 eleganta f\u00e4rger: Soft Black och Pure Silver.<\/p>\n<p>Dessutom kan muggens kropp sprayas i valfri Pantone-f\u00e4rg och t\u00e4ckas med ett 3D-effekttryck, vilket kommer att st\u00e4rka ditt reklambudskap.<\/p>\n<p>Presentf\u00f6rpackning med matchande logotryck ing\u00e5r alltid i priset.?<\/p>\n<p>Galaxy <\/p>\n","protected":false},"excerpt":{"rendered":"<p>Letar du efter en modern termomugg som h\u00e5ller temperaturen \u00e4nnu l\u00e4ngre? V\u00e4lj Meteor, modell tillverkad i vakuumisoleringsteknik. Produkten finns i tv\u00e5 eleganta f\u00e4rger: Soft Black och Pure Silver. Dessutom kan muggens kropp sprayas i valfri Pantone-f\u00e4rg och t\u00e4ckas med ett 3D-effekttryck, vilket kommer att st\u00e4rka ditt reklambudskap. Presentf\u00f6rpackning med matchande logotryck ing\u00e5r alltid i priset.? [&hellip;]<\/p>\n","protected":false},"featured_media":69928,"template":"","meta":{"_acf_changed":false,"_seopress_robots_primary_cat":"","_seopress_titles_title":"","_seopress_titles_desc":"","_seopress_robots_index":""},"product_brand":[],"product_cat":[15],"product_tag":[],"class_list":{"0":"post-69927","1":"product","2":"type-product","3":"status-publish","4":"has-post-thumbnail","6":"product_cat-okategoriserad","7":"atta45_taxonomy-tema-inspiration-varumarken-galaxy-collection-sv","8":"atta45_taxonomy-hem-hushall-muggar-sv","9":"atta45_taxonomy-muggar-muggar-sv","10":"atta45_taxonomy-fritid-termos-sv","12":"first","13":"instock","14":"taxable","15":"shipping-taxable","16":"purchasable","17":"product-type-variable"},"acf":[],"_links":{"self":[{"href":"https:\/\/www.atta45.se\/e-butik\/wp-json\/wp\/v2\/product\/69927","targetHints":{"allow":["GET"]}}],"collection":[{"href":"https:\/\/www.atta45.se\/e-butik\/wp-json\/wp\/v2\/product"}],"about":[{"href":"https:\/\/www.atta45.se\/e-butik\/wp-json\/wp\/v2\/types\/product"}],"wp:featuredmedia":[{"embeddable":true,"href":"https:\/\/www.atta45.se\/e-butik\/wp-json\/wp\/v2\/media\/69928"}],"wp:attachment":[{"href":"https:\/\/www.atta45.se\/e-butik\/wp-json\/wp\/v2\/media?parent=69927"}],"wp:term":[{"taxonomy":"product_brand","embeddable":true,"href":"https:\/\/www.atta45.se\/e-butik\/wp-json\/wp\/v2\/product_brand?post=69927"},{"taxonomy":"product_cat","embeddable":true,"href":"https:\/\/www.atta45.se\/e-butik\/wp-json\/wp\/v2\/product_cat?post=69927"},{"taxonomy":"product_tag","embeddable":true,"href":"https:\/\/www.atta45.se\/e-butik\/wp-json\/wp\/v2\/product_tag?post=69927"}],"curies":[{"name":"wp","href":"https:\/\/api.w.org\/{rel}","templated":true}]}}