{"id":69909,"date":"2024-12-27T00:42:07","date_gmt":"2024-12-26T23:42:07","guid":{"rendered":"https:\/\/www.atta45.se\/e-butik\/?post_type=product&#038;p=69909"},"modified":"2025-10-27T17:24:46","modified_gmt":"2025-10-27T16:24:46","slug":"galaxy-mars-termos-mugg","status":"publish","type":"product","link":"https:\/\/www.atta45.se\/e-butik\/produkt\/galaxy-mars-termos-mugg\/","title":{"rendered":"Mugg Mars Termos (420 ml)"},"content":{"rendered":"<p>Vill du ha en g\u00e5va f\u00f6r att st\u00e4rka ditt varum\u00e4rkes prestigefyllda karakt\u00e4r?<\/p>\n<p>Mars-modellen, genom en unik kombination av ett halvmatt h\u00f6lje avslutat med en snygg silverst\u00e4ngning och kropp i djup metallisk svart f\u00e4rg, l\u00e5ter anv\u00e4ndaren k\u00e4nna sig speciell. <\/p>\n<p>Tack vare sin stora kapacitet g\u00f6r muggen att du kan njuta av din favoritdrink \u00e4nnu l\u00e4ngre. <\/p>\n<p>Presentf\u00f6rpackning med matchande logotryck ing\u00e5r alltid i priset.?<\/p>\n<p>Galaxy <\/p>\n","protected":false},"excerpt":{"rendered":"<p>Vill du ha en g\u00e5va f\u00f6r att st\u00e4rka ditt varum\u00e4rkes prestigefyllda karakt\u00e4r? Mars-modellen, genom en unik kombination av ett halvmatt h\u00f6lje avslutat med en snygg silverst\u00e4ngning och kropp i djup metallisk svart f\u00e4rg, l\u00e5ter anv\u00e4ndaren k\u00e4nna sig speciell. Tack vare sin stora kapacitet g\u00f6r muggen att du kan njuta av din favoritdrink \u00e4nnu l\u00e4ngre. Presentf\u00f6rpackning [&hellip;]<\/p>\n","protected":false},"featured_media":69910,"template":"","meta":{"_acf_changed":false,"_seopress_robots_primary_cat":"","_seopress_titles_title":"","_seopress_titles_desc":"","_seopress_robots_index":""},"product_brand":[],"product_cat":[15],"product_tag":[],"class_list":{"0":"post-69909","1":"product","2":"type-product","3":"status-publish","4":"has-post-thumbnail","6":"product_cat-okategoriserad","7":"atta45_taxonomy-tema-inspiration-varumarken-galaxy-collection-sv","8":"atta45_taxonomy-hem-hushall-muggar-sv","9":"atta45_taxonomy-muggar-muggar-sv","10":"atta45_taxonomy-fritid-termos-sv","12":"first","13":"instock","14":"taxable","15":"shipping-taxable","16":"purchasable","17":"product-type-variable"},"acf":[],"_links":{"self":[{"href":"https:\/\/www.atta45.se\/e-butik\/wp-json\/wp\/v2\/product\/69909","targetHints":{"allow":["GET"]}}],"collection":[{"href":"https:\/\/www.atta45.se\/e-butik\/wp-json\/wp\/v2\/product"}],"about":[{"href":"https:\/\/www.atta45.se\/e-butik\/wp-json\/wp\/v2\/types\/product"}],"wp:featuredmedia":[{"embeddable":true,"href":"https:\/\/www.atta45.se\/e-butik\/wp-json\/wp\/v2\/media\/69910"}],"wp:attachment":[{"href":"https:\/\/www.atta45.se\/e-butik\/wp-json\/wp\/v2\/media?parent=69909"}],"wp:term":[{"taxonomy":"product_brand","embeddable":true,"href":"https:\/\/www.atta45.se\/e-butik\/wp-json\/wp\/v2\/product_brand?post=69909"},{"taxonomy":"product_cat","embeddable":true,"href":"https:\/\/www.atta45.se\/e-butik\/wp-json\/wp\/v2\/product_cat?post=69909"},{"taxonomy":"product_tag","embeddable":true,"href":"https:\/\/www.atta45.se\/e-butik\/wp-json\/wp\/v2\/product_tag?post=69909"}],"curies":[{"name":"wp","href":"https:\/\/api.w.org\/{rel}","templated":true}]}}