{"id":69899,"date":"2024-12-27T00:41:50","date_gmt":"2024-12-26T23:41:50","guid":{"rendered":"https:\/\/www.atta45.se\/e-butik\/?post_type=product&#038;p=69899"},"modified":"2025-10-27T19:10:21","modified_gmt":"2025-10-27T18:10:21","slug":"schwarzwolf-dinara-termosflaska-750-ml","status":"publish","type":"product","link":"https:\/\/www.atta45.se\/e-butik\/produkt\/schwarzwolf-dinara-termosflaska-750-ml\/","title":{"rendered":"Termosflaska Schwarzwolf Dinara, 750 ml"},"content":{"rendered":"<p>Schwarzwolf 750 ml dubbelv\u00e4ggig termosflaska i elegant design som h\u00e5ller temperaturen p\u00e5 din drink. F\u00f6rpackad i presentf\u00f6rpackning.<br \/>Material: rostfritt st\u00e5l<br \/>Rekommenderad tryckteknik: laser L1<br \/>Maximal tryckstorlek: 30 \u00d7 50 mm<br \/>M\u00e5tt: B 8,6 \u00d7 28,8 cm<br \/>Koldioxidavtryck: gCO2e 5090<\/p>\n","protected":false},"excerpt":{"rendered":"<p>Schwarzwolf 750 ml dubbelv\u00e4ggig termosflaska i elegant design som h\u00e5ller temperaturen p\u00e5 din drink. F\u00f6rpackad i presentf\u00f6rpackning.Material: rostfritt st\u00e5lRekommenderad tryckteknik: laser L1Maximal tryckstorlek: 30 \u00d7 50 mmM\u00e5tt: B 8,6 \u00d7 28,8 cmKoldioxidavtryck: gCO2e 5090<\/p>\n","protected":false},"featured_media":69900,"template":"","meta":{"_acf_changed":false,"_seopress_robots_primary_cat":"","_seopress_titles_title":"","_seopress_titles_desc":"","_seopress_robots_index":""},"product_brand":[],"product_cat":[15],"product_tag":[],"class_list":{"0":"post-69899","1":"product","2":"type-product","3":"status-publish","4":"has-post-thumbnail","6":"product_cat-okategoriserad","7":"atta45_taxonomy-tema-inspiration-varumarken-schwarzwolf-sv","8":"atta45_taxonomy-fritid-termos-sv","10":"first","11":"instock","12":"taxable","13":"shipping-taxable","14":"purchasable","15":"product-type-variable"},"acf":[],"_links":{"self":[{"href":"https:\/\/www.atta45.se\/e-butik\/wp-json\/wp\/v2\/product\/69899","targetHints":{"allow":["GET"]}}],"collection":[{"href":"https:\/\/www.atta45.se\/e-butik\/wp-json\/wp\/v2\/product"}],"about":[{"href":"https:\/\/www.atta45.se\/e-butik\/wp-json\/wp\/v2\/types\/product"}],"wp:featuredmedia":[{"embeddable":true,"href":"https:\/\/www.atta45.se\/e-butik\/wp-json\/wp\/v2\/media\/69900"}],"wp:attachment":[{"href":"https:\/\/www.atta45.se\/e-butik\/wp-json\/wp\/v2\/media?parent=69899"}],"wp:term":[{"taxonomy":"product_brand","embeddable":true,"href":"https:\/\/www.atta45.se\/e-butik\/wp-json\/wp\/v2\/product_brand?post=69899"},{"taxonomy":"product_cat","embeddable":true,"href":"https:\/\/www.atta45.se\/e-butik\/wp-json\/wp\/v2\/product_cat?post=69899"},{"taxonomy":"product_tag","embeddable":true,"href":"https:\/\/www.atta45.se\/e-butik\/wp-json\/wp\/v2\/product_tag?post=69899"}],"curies":[{"name":"wp","href":"https:\/\/api.w.org\/{rel}","templated":true}]}}