{"id":69881,"date":"2024-12-27T00:41:33","date_gmt":"2024-12-26T23:41:33","guid":{"rendered":"https:\/\/www.atta45.se\/e-butik\/?post_type=product&#038;p=69881"},"modified":"2025-10-27T19:09:24","modified_gmt":"2025-10-27T18:09:24","slug":"schwarzwolf-dominika-multifunktionell-termosflaska-4-i-1","status":"publish","type":"product","link":"https:\/\/www.atta45.se\/e-butik\/produkt\/schwarzwolf-dominika-multifunktionell-termosflaska-4-i-1\/","title":{"rendered":"Termosflaska, vakuum, 4-i-1 Schwarzwolf DOMINIKA multifunktionell"},"content":{"rendered":"<p>Schwarzwolf multifunktionell vakuumflaska 4in1.<\/p>\n<p>Den inneh\u00e5ller en termomugg i rostfritt st\u00e5l med plastlock och tack vare justerbar plastf\u00e4ste kan den \u00e4ven anv\u00e4ndas som sportflaska.<\/p>\n<p>Levereras med en infusionsenhet som kan anv\u00e4ndas f\u00f6r b\u00e5da.<\/p>\n<p>F\u00f6rpackad i en Schwarzwolf presentf\u00f6rpackning.<\/p>\n<p>Volym: termomugg \u2013 400 ml, flaska med justerbar infusionsenhet \u2013 600 ml.<br \/>Material: rostfritt st\u00e5l, plast<br \/>Rekommenderad tryckteknik: lasergravering L1. Maximalt tryck<br \/>storlek: 30 \u00d7 50 mm.<br \/>M\u00e5tt: svart huvuddel (termomugg) \u2013 O 7,2 \u00d7 17,3 cm, med maximalt justerbar del \u2013 O 7,2 \u00d7 31,3 cm.<br \/>Koldioxidavtryck: gCO2 e3400.<\/p>\n","protected":false},"excerpt":{"rendered":"<p>Schwarzwolf multifunktionell vakuumflaska 4in1. Den inneh\u00e5ller en termomugg i rostfritt st\u00e5l med plastlock och tack vare justerbar plastf\u00e4ste kan den \u00e4ven anv\u00e4ndas som sportflaska. Levereras med en infusionsenhet som kan anv\u00e4ndas f\u00f6r b\u00e5da. F\u00f6rpackad i en Schwarzwolf presentf\u00f6rpackning. Volym: termomugg \u2013 400 ml, flaska med justerbar infusionsenhet \u2013 600 ml.Material: rostfritt st\u00e5l, plastRekommenderad tryckteknik: lasergravering [&hellip;]<\/p>\n","protected":false},"featured_media":69882,"template":"","meta":{"_acf_changed":false,"_seopress_robots_primary_cat":"","_seopress_titles_title":"","_seopress_titles_desc":"","_seopress_robots_index":""},"product_brand":[],"product_cat":[15],"product_tag":[],"class_list":{"0":"post-69881","1":"product","2":"type-product","3":"status-publish","4":"has-post-thumbnail","6":"product_cat-okategoriserad","7":"atta45_taxonomy-tema-inspiration-varumarken-schwarzwolf-sv","8":"atta45_taxonomy-fritid-termos-sv","10":"first","11":"instock","12":"taxable","13":"shipping-taxable","14":"purchasable","15":"product-type-variable"},"acf":[],"_links":{"self":[{"href":"https:\/\/www.atta45.se\/e-butik\/wp-json\/wp\/v2\/product\/69881","targetHints":{"allow":["GET"]}}],"collection":[{"href":"https:\/\/www.atta45.se\/e-butik\/wp-json\/wp\/v2\/product"}],"about":[{"href":"https:\/\/www.atta45.se\/e-butik\/wp-json\/wp\/v2\/types\/product"}],"wp:featuredmedia":[{"embeddable":true,"href":"https:\/\/www.atta45.se\/e-butik\/wp-json\/wp\/v2\/media\/69882"}],"wp:attachment":[{"href":"https:\/\/www.atta45.se\/e-butik\/wp-json\/wp\/v2\/media?parent=69881"}],"wp:term":[{"taxonomy":"product_brand","embeddable":true,"href":"https:\/\/www.atta45.se\/e-butik\/wp-json\/wp\/v2\/product_brand?post=69881"},{"taxonomy":"product_cat","embeddable":true,"href":"https:\/\/www.atta45.se\/e-butik\/wp-json\/wp\/v2\/product_cat?post=69881"},{"taxonomy":"product_tag","embeddable":true,"href":"https:\/\/www.atta45.se\/e-butik\/wp-json\/wp\/v2\/product_tag?post=69881"}],"curies":[{"name":"wp","href":"https:\/\/api.w.org\/{rel}","templated":true}]}}