{"id":69871,"date":"2024-12-27T00:41:22","date_gmt":"2024-12-26T23:41:22","guid":{"rendered":"https:\/\/www.atta45.se\/e-butik\/?post_type=product&#038;p=69871"},"modified":"2025-10-27T19:09:12","modified_gmt":"2025-10-27T18:09:12","slug":"schwarzwolf-ranges-termosflaska-1-l","status":"publish","type":"product","link":"https:\/\/www.atta45.se\/e-butik\/produkt\/schwarzwolf-ranges-termosflaska-1-l\/","title":{"rendered":"Termosflaska Schwarzwolf Ranges, dubbelv\u00e4ggig vakuumflaska 1L"},"content":{"rendered":"<p>Schwarzwolf dubbelv\u00e4ggig vakuumflaska med 1l volym som g\u00f6r att temperaturen p\u00e5 din drink h\u00e5ller l\u00e4ngre.<\/p>\n<p>Den \u00e4r gjord i elegant design och f\u00f6rpackad i en Schwarzwolf presentf\u00f6rpackning.<\/p>\n<p>Material: rostfritt st\u00e5l.<\/p>\n<p>Rekommenderad tryckteknik: lasergravering L1.<\/p>\n<p>Maximal utskriftsstorlek: 30 \u00d7 50 mm.<\/p>\n<p>M\u00e5tt: O 8 \u00d7 30 cm.<\/p>\n<p>Koldioxidavtryck: gCO2 e5850.<\/p>\n","protected":false},"excerpt":{"rendered":"<p>Schwarzwolf dubbelv\u00e4ggig vakuumflaska med 1l volym som g\u00f6r att temperaturen p\u00e5 din drink h\u00e5ller l\u00e4ngre. Den \u00e4r gjord i elegant design och f\u00f6rpackad i en Schwarzwolf presentf\u00f6rpackning. Material: rostfritt st\u00e5l. Rekommenderad tryckteknik: lasergravering L1. Maximal utskriftsstorlek: 30 \u00d7 50 mm. M\u00e5tt: O 8 \u00d7 30 cm. Koldioxidavtryck: gCO2 e5850.<\/p>\n","protected":false},"featured_media":69872,"template":"","meta":{"_acf_changed":false,"_seopress_robots_primary_cat":"","_seopress_titles_title":"","_seopress_titles_desc":"","_seopress_robots_index":""},"product_brand":[],"product_cat":[15],"product_tag":[],"class_list":{"0":"post-69871","1":"product","2":"type-product","3":"status-publish","4":"has-post-thumbnail","6":"product_cat-okategoriserad","7":"atta45_taxonomy-tema-inspiration-varumarken-schwarzwolf-sv","8":"atta45_taxonomy-fritid-termos-sv","10":"first","11":"instock","12":"taxable","13":"shipping-taxable","14":"purchasable","15":"product-type-variable"},"acf":[],"_links":{"self":[{"href":"https:\/\/www.atta45.se\/e-butik\/wp-json\/wp\/v2\/product\/69871","targetHints":{"allow":["GET"]}}],"collection":[{"href":"https:\/\/www.atta45.se\/e-butik\/wp-json\/wp\/v2\/product"}],"about":[{"href":"https:\/\/www.atta45.se\/e-butik\/wp-json\/wp\/v2\/types\/product"}],"wp:featuredmedia":[{"embeddable":true,"href":"https:\/\/www.atta45.se\/e-butik\/wp-json\/wp\/v2\/media\/69872"}],"wp:attachment":[{"href":"https:\/\/www.atta45.se\/e-butik\/wp-json\/wp\/v2\/media?parent=69871"}],"wp:term":[{"taxonomy":"product_brand","embeddable":true,"href":"https:\/\/www.atta45.se\/e-butik\/wp-json\/wp\/v2\/product_brand?post=69871"},{"taxonomy":"product_cat","embeddable":true,"href":"https:\/\/www.atta45.se\/e-butik\/wp-json\/wp\/v2\/product_cat?post=69871"},{"taxonomy":"product_tag","embeddable":true,"href":"https:\/\/www.atta45.se\/e-butik\/wp-json\/wp\/v2\/product_tag?post=69871"}],"curies":[{"name":"wp","href":"https:\/\/api.w.org\/{rel}","templated":true}]}}