{"id":69857,"date":"2024-12-27T00:41:09","date_gmt":"2024-12-26T23:41:09","guid":{"rendered":"https:\/\/www.atta45.se\/e-butik\/?post_type=product&#038;p=69857"},"modified":"2025-10-28T03:32:13","modified_gmt":"2025-10-28T02:32:13","slug":"tatuering-fullfargstryck","status":"publish","type":"product","link":"https:\/\/www.atta45.se\/e-butik\/produkt\/tatuering-fullfargstryck\/","title":{"rendered":"Tatuering Fullf\u00e4rgstryck"},"content":{"rendered":"<p>Tempor\u00e4ra tatueringar med slitstark yta.<\/p>\n<p>Du kan ha flera olika tatueringar p\u00e5 samma papper. Antalet \u00e4r beroende p\u00e5 \u00f6nskad storlek.<\/p>\n<p>Tatueringen kommer fortfarande att finnas kvar efter bad eller dusch.<br \/>\nG\u00f6r ditt event fullt av roligt med dessa blanka och coola tatueringar!<\/p>\n<p>Giftfritt och s\u00e4kert, l\u00e4tt att applicera, \u00f6verf\u00f6ra och ta bort utan n\u00e5got lim.<\/p>\n<p>G\u00f6r din egen design, f\u00e5nga ljuset och dra uppm\u00e4rksamhet!<\/p>\n<p>Som smycken f\u00f6r din hud, perfekt f\u00f6r evenemang och fester.<\/p>\n<p>Instruktion:<br \/>\nTa bort tatueringsplastskyddet<br \/>\nApplicera tatueringen med framsidan ned\u00e5t p\u00e5 huden<br \/>\nDr\u00e4nk papperet helt<br \/>\nL\u00e4gg det fuktiga papperet p\u00e5 tatueringsytan och bl\u00f6t tatueringen ordentligt i 20 sekunder<br \/>\nTa bort bakstycket l\u00e5ngsamt f\u00f6r att vara s\u00e4ker p\u00e5 att det fastnar<\/p>\n<p>HUR MAN BORTTAGAR DEN<br \/>\nApplicera babyolja eller tv\u00e4ttsprit, gnugga f\u00f6rsiktigt in i tatueringen tills den \u00e4r helt borttagen<\/p>\n","protected":false},"excerpt":{"rendered":"<p>Tempor\u00e4ra tatueringar med slitstark yta. Du kan ha flera olika tatueringar p\u00e5 samma papper. Antalet \u00e4r beroende p\u00e5 \u00f6nskad storlek. Tatueringen kommer fortfarande att finnas kvar efter bad eller dusch. G\u00f6r ditt event fullt av roligt med dessa blanka och coola tatueringar! Giftfritt och s\u00e4kert, l\u00e4tt att applicera, \u00f6verf\u00f6ra och ta bort utan n\u00e5got lim. [&hellip;]<\/p>\n","protected":false},"featured_media":16562,"template":"","meta":{"_acf_changed":false,"_seopress_robots_primary_cat":"none","_seopress_titles_title":"","_seopress_titles_desc":"","_seopress_robots_index":""},"product_brand":[],"product_cat":[15],"product_tag":[],"class_list":{"0":"post-69857","1":"product","2":"type-product","3":"status-publish","4":"has-post-thumbnail","6":"product_cat-okategoriserad","7":"atta45_taxonomy-fritid-tatueringar-sv","9":"first","10":"instock","11":"taxable","12":"shipping-taxable","13":"purchasable","14":"product-type-variable"},"acf":[],"_links":{"self":[{"href":"https:\/\/www.atta45.se\/e-butik\/wp-json\/wp\/v2\/product\/69857","targetHints":{"allow":["GET"]}}],"collection":[{"href":"https:\/\/www.atta45.se\/e-butik\/wp-json\/wp\/v2\/product"}],"about":[{"href":"https:\/\/www.atta45.se\/e-butik\/wp-json\/wp\/v2\/types\/product"}],"wp:featuredmedia":[{"embeddable":true,"href":"https:\/\/www.atta45.se\/e-butik\/wp-json\/wp\/v2\/media\/16562"}],"wp:attachment":[{"href":"https:\/\/www.atta45.se\/e-butik\/wp-json\/wp\/v2\/media?parent=69857"}],"wp:term":[{"taxonomy":"product_brand","embeddable":true,"href":"https:\/\/www.atta45.se\/e-butik\/wp-json\/wp\/v2\/product_brand?post=69857"},{"taxonomy":"product_cat","embeddable":true,"href":"https:\/\/www.atta45.se\/e-butik\/wp-json\/wp\/v2\/product_cat?post=69857"},{"taxonomy":"product_tag","embeddable":true,"href":"https:\/\/www.atta45.se\/e-butik\/wp-json\/wp\/v2\/product_tag?post=69857"}],"curies":[{"name":"wp","href":"https:\/\/api.w.org\/{rel}","templated":true}]}}