{"id":69647,"date":"2024-12-27T00:38:54","date_gmt":"2024-12-26T23:38:54","guid":{"rendered":"https:\/\/www.atta45.se\/e-butik\/?post_type=product&#038;p=69647"},"modified":"2025-10-28T04:00:05","modified_gmt":"2025-10-28T03:00:05","slug":"sportarmband-med-nyckelhallare","status":"publish","type":"product","link":"https:\/\/www.atta45.se\/e-butik\/produkt\/sportarmband-med-nyckelhallare\/","title":{"rendered":"Mobiltelefonh\u00e5llare Sportarmband med nyckelfack"},"content":{"rendered":"<p>Universalh\u00e5llare f\u00f6r mobiltelefonen, passar flera modeller. Med liten extra ficka f\u00f6r nyckel. Telefonens sk\u00e4rm kan man\u00f6vreras genom h\u00e5llarens transparenta f\u00f6nster. Med kardborrekn\u00e4ppning f\u00f6r reglerbar storlek. Reflekterande ram runt telefonen.<\/p>\n","protected":false},"excerpt":{"rendered":"<p>Universalh\u00e5llare f\u00f6r mobiltelefonen, passar flera modeller. Med liten extra ficka f\u00f6r nyckel. Telefonens sk\u00e4rm kan man\u00f6vreras genom h\u00e5llarens transparenta f\u00f6nster. Med kardborrekn\u00e4ppning f\u00f6r reglerbar storlek. Reflekterande ram runt telefonen.<\/p>\n","protected":false},"featured_media":69648,"template":"","meta":{"_acf_changed":false,"_seopress_robots_primary_cat":"","_seopress_titles_title":"","_seopress_titles_desc":"","_seopress_robots_index":""},"product_brand":[],"product_cat":[15],"product_tag":[],"class_list":{"0":"post-69647","1":"product","2":"type-product","3":"status-publish","4":"has-post-thumbnail","6":"product_cat-okategoriserad","7":"atta45_taxonomy-mobiltillbehor-mobiltillbehor-sv","8":"atta45_taxonomy-trading-elektronik-mobiltillbehor-powerbank-speakers-sv","9":"atta45_taxonomy-fritid-sportartiklar-sv","10":"atta45_taxonomy-trading-fritid-sportartiklar-sv","12":"first","13":"instock","14":"taxable","15":"shipping-taxable","16":"purchasable","17":"product-type-variable"},"acf":[],"_links":{"self":[{"href":"https:\/\/www.atta45.se\/e-butik\/wp-json\/wp\/v2\/product\/69647","targetHints":{"allow":["GET"]}}],"collection":[{"href":"https:\/\/www.atta45.se\/e-butik\/wp-json\/wp\/v2\/product"}],"about":[{"href":"https:\/\/www.atta45.se\/e-butik\/wp-json\/wp\/v2\/types\/product"}],"wp:featuredmedia":[{"embeddable":true,"href":"https:\/\/www.atta45.se\/e-butik\/wp-json\/wp\/v2\/media\/69648"}],"wp:attachment":[{"href":"https:\/\/www.atta45.se\/e-butik\/wp-json\/wp\/v2\/media?parent=69647"}],"wp:term":[{"taxonomy":"product_brand","embeddable":true,"href":"https:\/\/www.atta45.se\/e-butik\/wp-json\/wp\/v2\/product_brand?post=69647"},{"taxonomy":"product_cat","embeddable":true,"href":"https:\/\/www.atta45.se\/e-butik\/wp-json\/wp\/v2\/product_cat?post=69647"},{"taxonomy":"product_tag","embeddable":true,"href":"https:\/\/www.atta45.se\/e-butik\/wp-json\/wp\/v2\/product_tag?post=69647"}],"curies":[{"name":"wp","href":"https:\/\/api.w.org\/{rel}","templated":true}]}}