{"id":69615,"date":"2024-12-27T00:38:33","date_gmt":"2024-12-26T23:38:33","guid":{"rendered":"https:\/\/www.atta45.se\/e-butik\/?post_type=product&#038;p=69615"},"modified":"2025-10-28T03:32:36","modified_gmt":"2025-10-28T02:32:36","slug":"flytande-nyckelringar-egen-form","status":"publish","type":"product","link":"https:\/\/www.atta45.se\/e-butik\/produkt\/flytande-nyckelringar-egen-form\/","title":{"rendered":"Nyckelring Flytande  (egen form)"},"content":{"rendered":"<p>Flytande nyckelringar i egen form, storlek eller f\u00e4rg.<\/p>\n<p>Flytande nyckelringar \u00e4r en absolut nyckelsparare, eftersom de flyter! Ett utm\u00e4rkt val f\u00f6r alla branscher som vill ha n\u00e5got lite annorlunda f\u00f6r sin marknadsf\u00f6ring.<\/p>\n<p>Du v\u00e4ljer f\u00e4rger, vi skr\u00e4ddarsyr formen efter dina \u00f6nskem\u00e5l.<\/p>\n<p>Tillg\u00e4ngliga f\u00e4rger p\u00e5 EVA:<br \/>Bl\u00e5, Gr\u00f6n, Gul, Lila, Orange, R\u00f6d, Svart, Vit<\/p>\n<p>Sn\u00f6rets l\u00e4ngd: 8 cm<\/p>\n<p>Nedan hittar du en referenstabell (uppsattning) \u00f6ver den storlek du beh\u00f6ver f\u00f6r olika vikter.<\/p>\n<p>Nycklar____Storlek______Tjocklek<br \/>10 g______30 cm2______12 mm<br \/>15 g______30 cm2______14 mm<br \/>25 g______30 cm2______16 mm<br \/>30 g______30 cm2______18 mm<br \/>35 g______35 cm2______20 mm<br \/>55 g______40 cm2______22 mm<br \/>85 g______60 cm2______24 mm<\/p>\n","protected":false},"excerpt":{"rendered":"<p>Flytande nyckelringar i egen form, storlek eller f\u00e4rg. Flytande nyckelringar \u00e4r en absolut nyckelsparare, eftersom de flyter! Ett utm\u00e4rkt val f\u00f6r alla branscher som vill ha n\u00e5got lite annorlunda f\u00f6r sin marknadsf\u00f6ring. Du v\u00e4ljer f\u00e4rger, vi skr\u00e4ddarsyr formen efter dina \u00f6nskem\u00e5l. Tillg\u00e4ngliga f\u00e4rger p\u00e5 EVA:Bl\u00e5, Gr\u00f6n, Gul, Lila, Orange, R\u00f6d, Svart, Vit Sn\u00f6rets l\u00e4ngd: 8 [&hellip;]<\/p>\n","protected":false},"featured_media":69616,"template":"","meta":{"_acf_changed":false,"_seopress_robots_primary_cat":"","_seopress_titles_title":"","_seopress_titles_desc":"","_seopress_robots_index":""},"product_brand":[],"product_cat":[15],"product_tag":[],"class_list":{"0":"post-69615","1":"product","2":"type-product","3":"status-publish","4":"has-post-thumbnail","6":"product_cat-okategoriserad","7":"atta45_taxonomy-praktiska-ting-nyckelringar-utan-lampor-sv","8":"atta45_taxonomy-fritid-sportartiklar-sv","10":"first","11":"instock","12":"taxable","13":"shipping-taxable","14":"purchasable","15":"product-type-variable"},"acf":[],"_links":{"self":[{"href":"https:\/\/www.atta45.se\/e-butik\/wp-json\/wp\/v2\/product\/69615","targetHints":{"allow":["GET"]}}],"collection":[{"href":"https:\/\/www.atta45.se\/e-butik\/wp-json\/wp\/v2\/product"}],"about":[{"href":"https:\/\/www.atta45.se\/e-butik\/wp-json\/wp\/v2\/types\/product"}],"wp:featuredmedia":[{"embeddable":true,"href":"https:\/\/www.atta45.se\/e-butik\/wp-json\/wp\/v2\/media\/69616"}],"wp:attachment":[{"href":"https:\/\/www.atta45.se\/e-butik\/wp-json\/wp\/v2\/media?parent=69615"}],"wp:term":[{"taxonomy":"product_brand","embeddable":true,"href":"https:\/\/www.atta45.se\/e-butik\/wp-json\/wp\/v2\/product_brand?post=69615"},{"taxonomy":"product_cat","embeddable":true,"href":"https:\/\/www.atta45.se\/e-butik\/wp-json\/wp\/v2\/product_cat?post=69615"},{"taxonomy":"product_tag","embeddable":true,"href":"https:\/\/www.atta45.se\/e-butik\/wp-json\/wp\/v2\/product_tag?post=69615"}],"curies":[{"name":"wp","href":"https:\/\/api.w.org\/{rel}","templated":true}]}}