{"id":69545,"date":"2024-12-27T00:37:31","date_gmt":"2024-12-26T23:37:31","guid":{"rendered":"https:\/\/www.atta45.se\/e-butik\/?post_type=product&#038;p=69545"},"modified":"2025-10-28T03:21:16","modified_gmt":"2025-10-28T02:21:16","slug":"skidhallare-40-mm","status":"publish","type":"product","link":"https:\/\/www.atta45.se\/e-butik\/produkt\/skidhallare-40-mm\/","title":{"rendered":"H\u00e5llare, Skidh\u00e5llare (40 mm)"},"content":{"rendered":"<p>Praktisk h\u00e5llare f\u00f6r slalomskidor. Nylonband i valfri f\u00e4rg med svart EVA och kardborre.<\/p>\n","protected":false},"excerpt":{"rendered":"<p>Praktisk h\u00e5llare f\u00f6r slalomskidor. Nylonband i valfri f\u00e4rg med svart EVA och kardborre.<\/p>\n","protected":false},"featured_media":69546,"template":"","meta":{"_acf_changed":false,"_seopress_robots_primary_cat":"","_seopress_titles_title":"","_seopress_titles_desc":"","_seopress_robots_index":""},"product_brand":[],"product_cat":[15],"product_tag":[],"class_list":{"0":"post-69545","1":"product","2":"type-product","3":"status-publish","4":"has-post-thumbnail","6":"product_cat-okategoriserad","7":"atta45_taxonomy-fritid-sportartiklar-sv","8":"atta45_taxonomy-trading-fritid-sportartiklar-sv","9":"atta45_taxonomy-tema-inspiration-varumarken-ycp-sv","11":"first","12":"instock","13":"taxable","14":"shipping-taxable","15":"purchasable","16":"product-type-variable"},"acf":[],"_links":{"self":[{"href":"https:\/\/www.atta45.se\/e-butik\/wp-json\/wp\/v2\/product\/69545","targetHints":{"allow":["GET"]}}],"collection":[{"href":"https:\/\/www.atta45.se\/e-butik\/wp-json\/wp\/v2\/product"}],"about":[{"href":"https:\/\/www.atta45.se\/e-butik\/wp-json\/wp\/v2\/types\/product"}],"wp:featuredmedia":[{"embeddable":true,"href":"https:\/\/www.atta45.se\/e-butik\/wp-json\/wp\/v2\/media\/69546"}],"wp:attachment":[{"href":"https:\/\/www.atta45.se\/e-butik\/wp-json\/wp\/v2\/media?parent=69545"}],"wp:term":[{"taxonomy":"product_brand","embeddable":true,"href":"https:\/\/www.atta45.se\/e-butik\/wp-json\/wp\/v2\/product_brand?post=69545"},{"taxonomy":"product_cat","embeddable":true,"href":"https:\/\/www.atta45.se\/e-butik\/wp-json\/wp\/v2\/product_cat?post=69545"},{"taxonomy":"product_tag","embeddable":true,"href":"https:\/\/www.atta45.se\/e-butik\/wp-json\/wp\/v2\/product_tag?post=69545"}],"curies":[{"name":"wp","href":"https:\/\/api.w.org\/{rel}","templated":true}]}}