{"id":69529,"date":"2024-12-27T00:37:12","date_gmt":"2024-12-26T23:37:12","guid":{"rendered":"https:\/\/www.atta45.se\/e-butik\/?post_type=product&#038;p=69529"},"modified":"2025-10-28T00:52:16","modified_gmt":"2025-10-27T23:52:16","slug":"schwarzwolf-citas-handduk-60-x-120-cm","status":"publish","type":"product","link":"https:\/\/www.atta45.se\/e-butik\/produkt\/schwarzwolf-citas-handduk-60-x-120-cm\/","title":{"rendered":"Handduk Schwarzwolf Citas 60 x 120 cm"},"content":{"rendered":"<p>Handduk Schwarzwolf. L\u00e5g vikt och mycket absorberande, idealisk f\u00f6r sport och vandring. Snabbtorkande, antibakteriell.<br \/>F\u00f6rpackad i polyesterv\u00e4ska.<br \/>Vikt: 300 g \/ m2<br \/>Material: 80 % polyester, 20 % polyamid<br \/>Rekommenderad m\u00e4rkning: Brodyr, Screentryck S3 p\u00e5 p\u00e5sen<br \/>Maximal tryckstorlek: 100 \u00d7 100 mm<br \/>M\u00e5tt: handduk: 60 \u00d7 120 cm<\/p>\n","protected":false},"excerpt":{"rendered":"<p>Handduk Schwarzwolf. L\u00e5g vikt och mycket absorberande, idealisk f\u00f6r sport och vandring. Snabbtorkande, antibakteriell.F\u00f6rpackad i polyesterv\u00e4ska.Vikt: 300 g \/ m2Material: 80 % polyester, 20 % polyamidRekommenderad m\u00e4rkning: Brodyr, Screentryck S3 p\u00e5 p\u00e5senMaximal tryckstorlek: 100 \u00d7 100 mmM\u00e5tt: handduk: 60 \u00d7 120 cm<\/p>\n","protected":false},"featured_media":69530,"template":"","meta":{"_acf_changed":false,"_seopress_robots_primary_cat":"","_seopress_titles_title":"","_seopress_titles_desc":"","_seopress_robots_index":""},"product_brand":[],"product_cat":[15],"product_tag":[],"class_list":{"0":"post-69529","1":"product","2":"type-product","3":"status-publish","4":"has-post-thumbnail","6":"product_cat-okategoriserad","7":"atta45_taxonomy-textil-handdukar-badrockar-sv","8":"atta45_taxonomy-tema-inspiration-varumarken-schwarzwolf-sv","9":"atta45_taxonomy-fritid-sportartiklar-sv","11":"first","12":"instock","13":"taxable","14":"shipping-taxable","15":"purchasable","16":"product-type-variable"},"acf":[],"_links":{"self":[{"href":"https:\/\/www.atta45.se\/e-butik\/wp-json\/wp\/v2\/product\/69529","targetHints":{"allow":["GET"]}}],"collection":[{"href":"https:\/\/www.atta45.se\/e-butik\/wp-json\/wp\/v2\/product"}],"about":[{"href":"https:\/\/www.atta45.se\/e-butik\/wp-json\/wp\/v2\/types\/product"}],"wp:featuredmedia":[{"embeddable":true,"href":"https:\/\/www.atta45.se\/e-butik\/wp-json\/wp\/v2\/media\/69530"}],"wp:attachment":[{"href":"https:\/\/www.atta45.se\/e-butik\/wp-json\/wp\/v2\/media?parent=69529"}],"wp:term":[{"taxonomy":"product_brand","embeddable":true,"href":"https:\/\/www.atta45.se\/e-butik\/wp-json\/wp\/v2\/product_brand?post=69529"},{"taxonomy":"product_cat","embeddable":true,"href":"https:\/\/www.atta45.se\/e-butik\/wp-json\/wp\/v2\/product_cat?post=69529"},{"taxonomy":"product_tag","embeddable":true,"href":"https:\/\/www.atta45.se\/e-butik\/wp-json\/wp\/v2\/product_tag?post=69529"}],"curies":[{"name":"wp","href":"https:\/\/api.w.org\/{rel}","templated":true}]}}