{"id":69511,"date":"2024-12-27T00:36:58","date_gmt":"2024-12-26T23:36:58","guid":{"rendered":"https:\/\/www.atta45.se\/e-butik\/?post_type=product&#038;p=69511"},"modified":"2025-10-28T00:40:21","modified_gmt":"2025-10-27T23:40:21","slug":"leggings-eu","status":"publish","type":"product","link":"https:\/\/www.atta45.se\/e-butik\/produkt\/leggings-eu\/","title":{"rendered":"Leggings EU"},"content":{"rendered":"<p>Tillverkad i Europa<\/p>\n<p>Leggings f\u00f6r komfort och prestanda. Perfekt skapad f\u00f6r tr\u00e4ning, avkoppling och allt d\u00e4remellan. Komfort utan att vara genomskinlig.<\/p>\n<p>Hela produkten trycks i din design. Allt fr\u00e5n grundf\u00e4rgen till logotypen. Tillverkad i fyrf\u00e4rgstryck, vilket ger total frihet i f\u00e4rger och layout.<\/p>\n<p>Storlekar: S till XL<br \/>Material: 100 % polyester<br \/>F\u00f6rpackad: individuell<\/p>\n<p>The One Premium<\/p>\n","protected":false},"excerpt":{"rendered":"<p>Tillverkad i Europa Leggings f\u00f6r komfort och prestanda. Perfekt skapad f\u00f6r tr\u00e4ning, avkoppling och allt d\u00e4remellan. Komfort utan att vara genomskinlig. Hela produkten trycks i din design. Allt fr\u00e5n grundf\u00e4rgen till logotypen. Tillverkad i fyrf\u00e4rgstryck, vilket ger total frihet i f\u00e4rger och layout. Storlekar: S till XLMaterial: 100 % polyesterF\u00f6rpackad: individuell The One Premium<\/p>\n","protected":false},"featured_media":69512,"template":"","meta":{"_acf_changed":false,"_seopress_robots_primary_cat":"","_seopress_titles_title":"","_seopress_titles_desc":"","_seopress_robots_index":""},"product_brand":[],"product_cat":[15],"product_tag":[],"class_list":{"0":"post-69511","1":"product","2":"type-product","3":"status-publish","4":"has-post-thumbnail","6":"product_cat-okategoriserad","7":"atta45_taxonomy-textil-sport-performance-sv","8":"atta45_taxonomy-fritid-sportartiklar-sv","9":"atta45_taxonomy-textil-t-shirts-sv","10":"atta45_taxonomy-tema-inspiration-varumarken-the-one-premium-sv","12":"first","13":"instock","14":"taxable","15":"shipping-taxable","16":"purchasable","17":"product-type-variable"},"acf":[],"_links":{"self":[{"href":"https:\/\/www.atta45.se\/e-butik\/wp-json\/wp\/v2\/product\/69511","targetHints":{"allow":["GET"]}}],"collection":[{"href":"https:\/\/www.atta45.se\/e-butik\/wp-json\/wp\/v2\/product"}],"about":[{"href":"https:\/\/www.atta45.se\/e-butik\/wp-json\/wp\/v2\/types\/product"}],"wp:featuredmedia":[{"embeddable":true,"href":"https:\/\/www.atta45.se\/e-butik\/wp-json\/wp\/v2\/media\/69512"}],"wp:attachment":[{"href":"https:\/\/www.atta45.se\/e-butik\/wp-json\/wp\/v2\/media?parent=69511"}],"wp:term":[{"taxonomy":"product_brand","embeddable":true,"href":"https:\/\/www.atta45.se\/e-butik\/wp-json\/wp\/v2\/product_brand?post=69511"},{"taxonomy":"product_cat","embeddable":true,"href":"https:\/\/www.atta45.se\/e-butik\/wp-json\/wp\/v2\/product_cat?post=69511"},{"taxonomy":"product_tag","embeddable":true,"href":"https:\/\/www.atta45.se\/e-butik\/wp-json\/wp\/v2\/product_tag?post=69511"}],"curies":[{"name":"wp","href":"https:\/\/api.w.org\/{rel}","templated":true}]}}