{"id":69147,"date":"2024-12-27T00:32:15","date_gmt":"2024-12-26T23:32:15","guid":{"rendered":"https:\/\/www.atta45.se\/e-butik\/?post_type=product&#038;p=69147"},"modified":"2025-10-28T00:33:47","modified_gmt":"2025-10-27T23:33:47","slug":"poncho-delux-eu","status":"publish","type":"product","link":"https:\/\/www.atta45.se\/e-butik\/produkt\/poncho-delux-eu\/","title":{"rendered":"Poncho Delux EU"},"content":{"rendered":"<p>Tillverkad i Europa<\/p>\n<p>Moderiktig, snabbtorkande poncho med f\u00e4rgglatt tryck och rymlig ficka. Ponchon har \u00e4ven en flerf\u00e4rgad huva.<\/p>\n<p>Ponchon \u00e4r den perfekta prylen f\u00f6r fans av valrossar eller surfing.<\/p>\n<p>Material: 100% polyester<br \/>Storlek: 85 x 110 cm<br \/>Vikt: 205 gsm<br \/>Tryck: hela ytan<br \/>Tryckteknik: sublimering<\/p>\n<p>The One Premium<\/p>\n","protected":false},"excerpt":{"rendered":"<p>Tillverkad i Europa Moderiktig, snabbtorkande poncho med f\u00e4rgglatt tryck och rymlig ficka. Ponchon har \u00e4ven en flerf\u00e4rgad huva. Ponchon \u00e4r den perfekta prylen f\u00f6r fans av valrossar eller surfing. Material: 100% polyesterStorlek: 85 x 110 cmVikt: 205 gsmTryck: hela ytanTryckteknik: sublimering The One Premium<\/p>\n","protected":false},"featured_media":69148,"template":"","meta":{"_acf_changed":false,"_seopress_robots_primary_cat":"","_seopress_titles_title":"","_seopress_titles_desc":"","_seopress_robots_index":""},"product_brand":[],"product_cat":[15],"product_tag":[],"class_list":{"0":"post-69147","1":"product","2":"type-product","3":"status-publish","4":"has-post-thumbnail","6":"product_cat-okategoriserad","7":"atta45_taxonomy-textil-handdukar-badrockar-sv","8":"atta45_taxonomy-nyheter-sv","9":"atta45_taxonomy-fritid-sportartiklar-sv","11":"first","12":"instock","13":"taxable","14":"shipping-taxable","15":"purchasable","16":"product-type-variable"},"acf":[],"_links":{"self":[{"href":"https:\/\/www.atta45.se\/e-butik\/wp-json\/wp\/v2\/product\/69147","targetHints":{"allow":["GET"]}}],"collection":[{"href":"https:\/\/www.atta45.se\/e-butik\/wp-json\/wp\/v2\/product"}],"about":[{"href":"https:\/\/www.atta45.se\/e-butik\/wp-json\/wp\/v2\/types\/product"}],"wp:featuredmedia":[{"embeddable":true,"href":"https:\/\/www.atta45.se\/e-butik\/wp-json\/wp\/v2\/media\/69148"}],"wp:attachment":[{"href":"https:\/\/www.atta45.se\/e-butik\/wp-json\/wp\/v2\/media?parent=69147"}],"wp:term":[{"taxonomy":"product_brand","embeddable":true,"href":"https:\/\/www.atta45.se\/e-butik\/wp-json\/wp\/v2\/product_brand?post=69147"},{"taxonomy":"product_cat","embeddable":true,"href":"https:\/\/www.atta45.se\/e-butik\/wp-json\/wp\/v2\/product_cat?post=69147"},{"taxonomy":"product_tag","embeddable":true,"href":"https:\/\/www.atta45.se\/e-butik\/wp-json\/wp\/v2\/product_tag?post=69147"}],"curies":[{"name":"wp","href":"https:\/\/api.w.org\/{rel}","templated":true}]}}