{"id":69121,"date":"2024-12-27T00:31:49","date_gmt":"2024-12-26T23:31:49","guid":{"rendered":"https:\/\/www.atta45.se\/e-butik\/?post_type=product&#038;p=69121"},"modified":"2025-10-28T00:32:57","modified_gmt":"2025-10-27T23:32:57","slug":"fiskarhatt-beppe-eu","status":"publish","type":"product","link":"https:\/\/www.atta45.se\/e-butik\/produkt\/fiskarhatt-beppe-eu\/","title":{"rendered":"Fiskarhatt \u201dBeppe\u201d EU"},"content":{"rendered":"<p>Tillverkad i Europa<\/p>\n<p>F\u00e4rgglad hatt f\u00f6r sommarskydd mot solen.<br \/>Enkel eller dubbelsidig version tillg\u00e4nglig.<\/p>\n<p>Storlek: 35 x 15 cm (\u00b1 1 cm)<br \/>Material: 100% polyester<br \/>Vikt: 205 gsm<br \/>F\u00f6rpackning: individuell<br \/>M\u00e4rkning: sublimering<br \/>Tryck: enkelsidigt eller dubbelsidigt<\/p>\n<p>The One Premium<\/p>\n","protected":false},"excerpt":{"rendered":"<p>Tillverkad i Europa F\u00e4rgglad hatt f\u00f6r sommarskydd mot solen.Enkel eller dubbelsidig version tillg\u00e4nglig. Storlek: 35 x 15 cm (\u00b1 1 cm)Material: 100% polyesterVikt: 205 gsmF\u00f6rpackning: individuellM\u00e4rkning: sublimeringTryck: enkelsidigt eller dubbelsidigt The One Premium<\/p>\n","protected":false},"featured_media":69122,"template":"","meta":{"_acf_changed":false,"_seopress_robots_primary_cat":"","_seopress_titles_title":"","_seopress_titles_desc":"","_seopress_robots_index":""},"product_brand":[],"product_cat":[15],"product_tag":[],"class_list":{"0":"post-69121","1":"product","2":"type-product","3":"status-publish","4":"has-post-thumbnail","6":"product_cat-okategoriserad","7":"atta45_taxonomy-kepsar-mossor-sv","8":"atta45_taxonomy-textil-mossor-kepsar-accessoarer-sv","9":"atta45_taxonomy-nyheter-sv","10":"atta45_taxonomy-fritid-sportartiklar-sv","12":"first","13":"instock","14":"taxable","15":"shipping-taxable","16":"purchasable","17":"product-type-variable"},"acf":[],"_links":{"self":[{"href":"https:\/\/www.atta45.se\/e-butik\/wp-json\/wp\/v2\/product\/69121","targetHints":{"allow":["GET"]}}],"collection":[{"href":"https:\/\/www.atta45.se\/e-butik\/wp-json\/wp\/v2\/product"}],"about":[{"href":"https:\/\/www.atta45.se\/e-butik\/wp-json\/wp\/v2\/types\/product"}],"wp:featuredmedia":[{"embeddable":true,"href":"https:\/\/www.atta45.se\/e-butik\/wp-json\/wp\/v2\/media\/69122"}],"wp:attachment":[{"href":"https:\/\/www.atta45.se\/e-butik\/wp-json\/wp\/v2\/media?parent=69121"}],"wp:term":[{"taxonomy":"product_brand","embeddable":true,"href":"https:\/\/www.atta45.se\/e-butik\/wp-json\/wp\/v2\/product_brand?post=69121"},{"taxonomy":"product_cat","embeddable":true,"href":"https:\/\/www.atta45.se\/e-butik\/wp-json\/wp\/v2\/product_cat?post=69121"},{"taxonomy":"product_tag","embeddable":true,"href":"https:\/\/www.atta45.se\/e-butik\/wp-json\/wp\/v2\/product_tag?post=69121"}],"curies":[{"name":"wp","href":"https:\/\/api.w.org\/{rel}","templated":true}]}}