{"id":69031,"date":"2024-12-27T00:30:36","date_gmt":"2024-12-26T23:30:36","guid":{"rendered":"https:\/\/www.atta45.se\/e-butik\/?post_type=product&#038;p=69031"},"modified":"2025-10-27T17:53:32","modified_gmt":"2025-10-27T16:53:32","slug":"rund-handduk-i-mikrofiber-tryck-2-sidor-eu","status":"publish","type":"product","link":"https:\/\/www.atta45.se\/e-butik\/produkt\/rund-handduk-i-mikrofiber-tryck-2-sidor-eu\/","title":{"rendered":"Rund handduk i mikrofiber (tryck 2 sidor) EU"},"content":{"rendered":"<p>Producerad i Europa<\/p>\n<p>Mikrofiberhandduk med velourfinish.<\/p>\n<p>Hela produkten trycks i din design. Allt fr\u00e5n bottenf\u00e4rgen till logotypen. G\u00f6rs i fullf\u00e4rgstryck, vilket ger total frihet i f\u00e4rger och layout.<\/p>\n<p>Material: Microfiber<br \/>Material weight: 205 g \/ m\u00b2<br \/>Packed: individual<\/p>\n<p>The One Premium<\/p>\n","protected":false},"excerpt":{"rendered":"<p>Producerad i Europa Mikrofiberhandduk med velourfinish. Hela produkten trycks i din design. Allt fr\u00e5n bottenf\u00e4rgen till logotypen. G\u00f6rs i fullf\u00e4rgstryck, vilket ger total frihet i f\u00e4rger och layout. Material: MicrofiberMaterial weight: 205 g \/ m\u00b2Packed: individual The One Premium<\/p>\n","protected":false},"featured_media":69032,"template":"","meta":{"_acf_changed":false,"_seopress_robots_primary_cat":"","_seopress_titles_title":"","_seopress_titles_desc":"","_seopress_robots_index":""},"product_brand":[],"product_cat":[15],"product_tag":[],"class_list":{"0":"post-69031","1":"product","2":"type-product","3":"status-publish","4":"has-post-thumbnail","6":"product_cat-okategoriserad","7":"atta45_taxonomy-textil-handdukar-badrockar-sv","8":"atta45_taxonomy-fritid-sportartiklar-sv","9":"atta45_taxonomy-tema-inspiration-varumarken-the-one-premium-sv","11":"first","12":"instock","13":"taxable","14":"shipping-taxable","15":"purchasable","16":"product-type-variable"},"acf":[],"_links":{"self":[{"href":"https:\/\/www.atta45.se\/e-butik\/wp-json\/wp\/v2\/product\/69031","targetHints":{"allow":["GET"]}}],"collection":[{"href":"https:\/\/www.atta45.se\/e-butik\/wp-json\/wp\/v2\/product"}],"about":[{"href":"https:\/\/www.atta45.se\/e-butik\/wp-json\/wp\/v2\/types\/product"}],"wp:featuredmedia":[{"embeddable":true,"href":"https:\/\/www.atta45.se\/e-butik\/wp-json\/wp\/v2\/media\/69032"}],"wp:attachment":[{"href":"https:\/\/www.atta45.se\/e-butik\/wp-json\/wp\/v2\/media?parent=69031"}],"wp:term":[{"taxonomy":"product_brand","embeddable":true,"href":"https:\/\/www.atta45.se\/e-butik\/wp-json\/wp\/v2\/product_brand?post=69031"},{"taxonomy":"product_cat","embeddable":true,"href":"https:\/\/www.atta45.se\/e-butik\/wp-json\/wp\/v2\/product_cat?post=69031"},{"taxonomy":"product_tag","embeddable":true,"href":"https:\/\/www.atta45.se\/e-butik\/wp-json\/wp\/v2\/product_tag?post=69031"}],"curies":[{"name":"wp","href":"https:\/\/api.w.org\/{rel}","templated":true}]}}