{"id":68947,"date":"2024-12-27T00:29:32","date_gmt":"2024-12-26T23:29:32","guid":{"rendered":"https:\/\/www.atta45.se\/e-butik\/?post_type=product&#038;p=68947"},"modified":"2025-10-27T17:51:49","modified_gmt":"2025-10-27T16:51:49","slug":"handduk-i-mikrofiber-fullfargstryck-pa-1-sida-eu","status":"publish","type":"product","link":"https:\/\/www.atta45.se\/e-butik\/produkt\/handduk-i-mikrofiber-fullfargstryck-pa-1-sida-eu\/","title":{"rendered":"Handduk i mikrofiber (fullf\u00e4rgstryck p\u00e5 1 sida) EU"},"content":{"rendered":"<p>Producerad i Europa<\/p>\n<p>Handduk i mikrofiber med digitalt fullf\u00e4rg. Dubbelsidigt tryck \u00e4r m\u00f6jlig. Mikrofiberhanddukar k\u00e4nnetecknas av h\u00f6g vattenabsorption, sm\u00e5 dimensioner och snabb torkning.<\/p>\n<p>Hela produkten trycks i din design. Allt fr\u00e5n bottenf\u00e4rgen till logotypen. G\u00f6rs i fullf\u00e4rgstryck, vilket ger total frihet i f\u00e4rger och layout.<\/p>\n<p>Storlek: Olika storlekar<br \/>Material: polyester 88%, polyamid 12%<br \/>Materialvikt: 205 g \/ m\u00b2<br \/>F\u00f6rpackad: individuell <\/p>\n<p>The One Premium<\/p>\n","protected":false},"excerpt":{"rendered":"<p>Producerad i Europa Handduk i mikrofiber med digitalt fullf\u00e4rg. Dubbelsidigt tryck \u00e4r m\u00f6jlig. Mikrofiberhanddukar k\u00e4nnetecknas av h\u00f6g vattenabsorption, sm\u00e5 dimensioner och snabb torkning. Hela produkten trycks i din design. Allt fr\u00e5n bottenf\u00e4rgen till logotypen. G\u00f6rs i fullf\u00e4rgstryck, vilket ger total frihet i f\u00e4rger och layout. Storlek: Olika storlekarMaterial: polyester 88%, polyamid 12%Materialvikt: 205 g \/ [&hellip;]<\/p>\n","protected":false},"featured_media":68948,"template":"","meta":{"_acf_changed":false,"_seopress_robots_primary_cat":"","_seopress_titles_title":"","_seopress_titles_desc":"","_seopress_robots_index":""},"product_brand":[],"product_cat":[15],"product_tag":[],"class_list":{"0":"post-68947","1":"product","2":"type-product","3":"status-publish","4":"has-post-thumbnail","6":"product_cat-okategoriserad","7":"atta45_taxonomy-textil-handdukar-badrockar-sv","8":"atta45_taxonomy-fritid-sportartiklar-sv","9":"atta45_taxonomy-tema-inspiration-varumarken-the-one-premium-sv","11":"first","12":"instock","13":"taxable","14":"shipping-taxable","15":"purchasable","16":"product-type-variable"},"acf":[],"_links":{"self":[{"href":"https:\/\/www.atta45.se\/e-butik\/wp-json\/wp\/v2\/product\/68947","targetHints":{"allow":["GET"]}}],"collection":[{"href":"https:\/\/www.atta45.se\/e-butik\/wp-json\/wp\/v2\/product"}],"about":[{"href":"https:\/\/www.atta45.se\/e-butik\/wp-json\/wp\/v2\/types\/product"}],"wp:featuredmedia":[{"embeddable":true,"href":"https:\/\/www.atta45.se\/e-butik\/wp-json\/wp\/v2\/media\/68948"}],"wp:attachment":[{"href":"https:\/\/www.atta45.se\/e-butik\/wp-json\/wp\/v2\/media?parent=68947"}],"wp:term":[{"taxonomy":"product_brand","embeddable":true,"href":"https:\/\/www.atta45.se\/e-butik\/wp-json\/wp\/v2\/product_brand?post=68947"},{"taxonomy":"product_cat","embeddable":true,"href":"https:\/\/www.atta45.se\/e-butik\/wp-json\/wp\/v2\/product_cat?post=68947"},{"taxonomy":"product_tag","embeddable":true,"href":"https:\/\/www.atta45.se\/e-butik\/wp-json\/wp\/v2\/product_tag?post=68947"}],"curies":[{"name":"wp","href":"https:\/\/api.w.org\/{rel}","templated":true}]}}