{"id":68937,"date":"2024-12-27T00:29:22","date_gmt":"2024-12-26T23:29:22","guid":{"rendered":"https:\/\/www.atta45.se\/e-butik\/?post_type=product&#038;p=68937"},"modified":"2025-10-27T16:56:07","modified_gmt":"2025-10-27T15:56:07","slug":"vaska-i-lader-noah","status":"publish","type":"product","link":"https:\/\/www.atta45.se\/e-butik\/produkt\/vaska-i-lader-noah\/","title":{"rendered":"V\u00e4ska i l\u00e4der Noah"},"content":{"rendered":"<p>Sportv\u00e4ska i l\u00e4der med dragkedja. Insidan har ett litet fack med dragkedja. Med tv\u00e5 korta l\u00e4der- och nylonhandtag och en justerbar axelrem i nylon.<\/p>\n","protected":false},"excerpt":{"rendered":"<p>Sportv\u00e4ska i l\u00e4der med dragkedja. Insidan har ett litet fack med dragkedja. Med tv\u00e5 korta l\u00e4der- och nylonhandtag och en justerbar axelrem i nylon.<\/p>\n","protected":false},"featured_media":68938,"template":"","meta":{"_acf_changed":false,"_seopress_robots_primary_cat":"","_seopress_titles_title":"","_seopress_titles_desc":"","_seopress_robots_index":""},"product_brand":[],"product_cat":[15],"product_tag":[],"class_list":{"0":"post-68937","1":"product","2":"type-product","3":"status-publish","4":"has-post-thumbnail","6":"product_cat-okategoriserad","7":"atta45_taxonomy-textil-sport-performance-sv","8":"atta45_taxonomy-fritid-sportartiklar-sv","9":"atta45_taxonomy-vaskor-resetillbehor-sport-resvaskor-sv","10":"atta45_taxonomy-textil-vaskor-bagar-sv","11":"atta45_taxonomy-vaskor-resetillbehor-sv","13":"first","14":"instock","15":"taxable","16":"shipping-taxable","17":"purchasable","18":"product-type-variable"},"acf":[],"_links":{"self":[{"href":"https:\/\/www.atta45.se\/e-butik\/wp-json\/wp\/v2\/product\/68937","targetHints":{"allow":["GET"]}}],"collection":[{"href":"https:\/\/www.atta45.se\/e-butik\/wp-json\/wp\/v2\/product"}],"about":[{"href":"https:\/\/www.atta45.se\/e-butik\/wp-json\/wp\/v2\/types\/product"}],"wp:featuredmedia":[{"embeddable":true,"href":"https:\/\/www.atta45.se\/e-butik\/wp-json\/wp\/v2\/media\/68938"}],"wp:attachment":[{"href":"https:\/\/www.atta45.se\/e-butik\/wp-json\/wp\/v2\/media?parent=68937"}],"wp:term":[{"taxonomy":"product_brand","embeddable":true,"href":"https:\/\/www.atta45.se\/e-butik\/wp-json\/wp\/v2\/product_brand?post=68937"},{"taxonomy":"product_cat","embeddable":true,"href":"https:\/\/www.atta45.se\/e-butik\/wp-json\/wp\/v2\/product_cat?post=68937"},{"taxonomy":"product_tag","embeddable":true,"href":"https:\/\/www.atta45.se\/e-butik\/wp-json\/wp\/v2\/product_tag?post=68937"}],"curies":[{"name":"wp","href":"https:\/\/api.w.org\/{rel}","templated":true}]}}