{"id":68871,"date":"2024-12-27T00:27:37","date_gmt":"2024-12-26T23:27:37","guid":{"rendered":"https:\/\/www.atta45.se\/e-butik\/?post_type=product&#038;p=68871"},"modified":"2025-10-27T16:50:56","modified_gmt":"2025-10-27T15:50:56","slug":"ryggsack-i-rpet-filt-eleanor","status":"publish","type":"product","link":"https:\/\/www.atta45.se\/e-butik\/produkt\/ryggsack-i-rpet-filt-eleanor\/","title":{"rendered":"Ryggs\u00e4ck i RPET filt Eleanor"},"content":{"rendered":"<p>Ryggs\u00e4ck i RPET filt med ett stort huvudfack som st\u00e4ngs med dragkedja.<\/p>\n","protected":false},"excerpt":{"rendered":"<p>Ryggs\u00e4ck i RPET filt med ett stort huvudfack som st\u00e4ngs med dragkedja.<\/p>\n","protected":false},"featured_media":68872,"template":"","meta":{"_acf_changed":false,"_seopress_robots_primary_cat":"","_seopress_titles_title":"","_seopress_titles_desc":"","_seopress_robots_index":""},"product_brand":[],"product_cat":[15],"product_tag":[],"class_list":{"0":"post-68871","1":"product","2":"type-product","3":"status-publish","4":"has-post-thumbnail","6":"product_cat-okategoriserad","7":"atta45_taxonomy-tema-inspiration-grona-intryck-eko-vaskor-sv","8":"atta45_taxonomy-tema-inspiration-grona-intryck-sv","9":"atta45_taxonomy-tema-inspiration-speciella-trycktekniker-name-it-sv","10":"atta45_taxonomy-vaskor-resetillbehor-ryggsackar-sv","11":"atta45_taxonomy-vaskor-resetillbehor-ryggsackar-axelremsvaskor-sv","12":"atta45_taxonomy-textil-sport-performance-sv","13":"atta45_taxonomy-fritid-sportartiklar-sv","14":"atta45_taxonomy-vaskor-resetillbehor-sport-resvaskor-sv","15":"atta45_taxonomy-textil-vaskor-bagar-sv","16":"atta45_taxonomy-vaskor-resetillbehor-sv","18":"first","19":"instock","20":"taxable","21":"shipping-taxable","22":"purchasable","23":"product-type-variable"},"acf":[],"_links":{"self":[{"href":"https:\/\/www.atta45.se\/e-butik\/wp-json\/wp\/v2\/product\/68871","targetHints":{"allow":["GET"]}}],"collection":[{"href":"https:\/\/www.atta45.se\/e-butik\/wp-json\/wp\/v2\/product"}],"about":[{"href":"https:\/\/www.atta45.se\/e-butik\/wp-json\/wp\/v2\/types\/product"}],"wp:featuredmedia":[{"embeddable":true,"href":"https:\/\/www.atta45.se\/e-butik\/wp-json\/wp\/v2\/media\/68872"}],"wp:attachment":[{"href":"https:\/\/www.atta45.se\/e-butik\/wp-json\/wp\/v2\/media?parent=68871"}],"wp:term":[{"taxonomy":"product_brand","embeddable":true,"href":"https:\/\/www.atta45.se\/e-butik\/wp-json\/wp\/v2\/product_brand?post=68871"},{"taxonomy":"product_cat","embeddable":true,"href":"https:\/\/www.atta45.se\/e-butik\/wp-json\/wp\/v2\/product_cat?post=68871"},{"taxonomy":"product_tag","embeddable":true,"href":"https:\/\/www.atta45.se\/e-butik\/wp-json\/wp\/v2\/product_tag?post=68871"}],"curies":[{"name":"wp","href":"https:\/\/api.w.org\/{rel}","templated":true}]}}