{"id":68795,"date":"2024-12-27T00:26:45","date_gmt":"2024-12-26T23:26:45","guid":{"rendered":"https:\/\/www.atta45.se\/e-butik\/?post_type=product&#038;p=68795"},"modified":"2025-10-27T16:43:39","modified_gmt":"2025-10-27T15:43:39","slug":"axelremsvaska-av-polyester-600d-brandon","status":"publish","type":"product","link":"https:\/\/www.atta45.se\/e-butik\/produkt\/axelremsvaska-av-polyester-600d-brandon\/","title":{"rendered":"Axelremsv\u00e4ska av polyester (600D) Brandon"},"content":{"rendered":"<p>Stor v\u00e4ska av polyester (600D) med en reglerbar axelrem. Ett stort huvudfack, en ficka fram med dragkedja samt en n\u00e4tficka p\u00e5 sidan.<\/p>\n","protected":false},"excerpt":{"rendered":"<p>Stor v\u00e4ska av polyester (600D) med en reglerbar axelrem. Ett stort huvudfack, en ficka fram med dragkedja samt en n\u00e4tficka p\u00e5 sidan.<\/p>\n","protected":false},"featured_media":68796,"template":"","meta":{"_acf_changed":false,"_seopress_robots_primary_cat":"","_seopress_titles_title":"","_seopress_titles_desc":"","_seopress_robots_index":""},"product_brand":[],"product_cat":[15],"product_tag":[],"class_list":{"0":"post-68795","1":"product","2":"type-product","3":"status-publish","4":"has-post-thumbnail","6":"product_cat-okategoriserad","7":"atta45_taxonomy-tema-inspiration-speciella-trycktekniker-name-it-sv","8":"atta45_taxonomy-vaskor-resetillbehor-midjevaska-sv","9":"atta45_taxonomy-vaskor-resetillbehor-ryggsackar-axelremsvaskor-sv","10":"atta45_taxonomy-textil-sport-performance-sv","11":"atta45_taxonomy-fritid-sportartiklar-sv","12":"atta45_taxonomy-vaskor-resetillbehor-sport-resvaskor-sv","13":"atta45_taxonomy-textil-vaskor-bagar-sv","14":"atta45_taxonomy-vaskor-resetillbehor-sv","16":"first","17":"instock","18":"taxable","19":"shipping-taxable","20":"purchasable","21":"product-type-variable"},"acf":[],"_links":{"self":[{"href":"https:\/\/www.atta45.se\/e-butik\/wp-json\/wp\/v2\/product\/68795","targetHints":{"allow":["GET"]}}],"collection":[{"href":"https:\/\/www.atta45.se\/e-butik\/wp-json\/wp\/v2\/product"}],"about":[{"href":"https:\/\/www.atta45.se\/e-butik\/wp-json\/wp\/v2\/types\/product"}],"wp:featuredmedia":[{"embeddable":true,"href":"https:\/\/www.atta45.se\/e-butik\/wp-json\/wp\/v2\/media\/68796"}],"wp:attachment":[{"href":"https:\/\/www.atta45.se\/e-butik\/wp-json\/wp\/v2\/media?parent=68795"}],"wp:term":[{"taxonomy":"product_brand","embeddable":true,"href":"https:\/\/www.atta45.se\/e-butik\/wp-json\/wp\/v2\/product_brand?post=68795"},{"taxonomy":"product_cat","embeddable":true,"href":"https:\/\/www.atta45.se\/e-butik\/wp-json\/wp\/v2\/product_cat?post=68795"},{"taxonomy":"product_tag","embeddable":true,"href":"https:\/\/www.atta45.se\/e-butik\/wp-json\/wp\/v2\/product_tag?post=68795"}],"curies":[{"name":"wp","href":"https:\/\/api.w.org\/{rel}","templated":true}]}}