{"id":68683,"date":"2024-12-27T00:25:18","date_gmt":"2024-12-26T23:25:18","guid":{"rendered":"https:\/\/www.atta45.se\/e-butik\/?post_type=product&#038;p=68683"},"modified":"2025-10-27T14:29:28","modified_gmt":"2025-10-27T13:29:28","slug":"sport-weekendvaska-polyester-600d","status":"publish","type":"product","link":"https:\/\/www.atta45.se\/e-butik\/produkt\/sport-weekendvaska-polyester-600d\/","title":{"rendered":"Sportv\u00e4ska i polyester (600D Corinne)"},"content":{"rendered":"<p>Sport-\/weekendv\u00e4ska i polyester (600D), flera fickor med dragkedja samt reflexdetalj p\u00e5 sidan. Med reglerbar b\u00e4rrem.<\/p>\n","protected":false},"excerpt":{"rendered":"<p>Sport-\/weekendv\u00e4ska i polyester (600D), flera fickor med dragkedja samt reflexdetalj p\u00e5 sidan. Med reglerbar b\u00e4rrem.<\/p>\n","protected":false},"featured_media":68684,"template":"","meta":{"_acf_changed":false,"_seopress_robots_primary_cat":"","_seopress_titles_title":"","_seopress_titles_desc":"","_seopress_robots_index":""},"product_brand":[],"product_cat":[15],"product_tag":[],"class_list":{"0":"post-68683","1":"product","2":"type-product","3":"status-publish","4":"has-post-thumbnail","6":"product_cat-okategoriserad","7":"atta45_taxonomy-tema-inspiration-ogonblick-pa-vagen-sv","8":"atta45_taxonomy-textil-sport-performance-sv","9":"atta45_taxonomy-fritid-sportartiklar-sv","10":"atta45_taxonomy-vaskor-resetillbehor-sport-resvaskor-sv","11":"atta45_taxonomy-tema-inspiration-sv","12":"atta45_taxonomy-textil-vaskor-bagar-sv","13":"atta45_taxonomy-vaskor-resetillbehor-sv","15":"first","16":"instock","17":"taxable","18":"shipping-taxable","19":"purchasable","20":"product-type-variable"},"acf":[],"_links":{"self":[{"href":"https:\/\/www.atta45.se\/e-butik\/wp-json\/wp\/v2\/product\/68683","targetHints":{"allow":["GET"]}}],"collection":[{"href":"https:\/\/www.atta45.se\/e-butik\/wp-json\/wp\/v2\/product"}],"about":[{"href":"https:\/\/www.atta45.se\/e-butik\/wp-json\/wp\/v2\/types\/product"}],"wp:featuredmedia":[{"embeddable":true,"href":"https:\/\/www.atta45.se\/e-butik\/wp-json\/wp\/v2\/media\/68684"}],"wp:attachment":[{"href":"https:\/\/www.atta45.se\/e-butik\/wp-json\/wp\/v2\/media?parent=68683"}],"wp:term":[{"taxonomy":"product_brand","embeddable":true,"href":"https:\/\/www.atta45.se\/e-butik\/wp-json\/wp\/v2\/product_brand?post=68683"},{"taxonomy":"product_cat","embeddable":true,"href":"https:\/\/www.atta45.se\/e-butik\/wp-json\/wp\/v2\/product_cat?post=68683"},{"taxonomy":"product_tag","embeddable":true,"href":"https:\/\/www.atta45.se\/e-butik\/wp-json\/wp\/v2\/product_tag?post=68683"}],"curies":[{"name":"wp","href":"https:\/\/api.w.org\/{rel}","templated":true}]}}