{"id":68427,"date":"2024-12-27T00:21:42","date_gmt":"2024-12-26T23:21:42","guid":{"rendered":"https:\/\/www.atta45.se\/e-butik\/?post_type=product&#038;p=68427"},"modified":"2025-10-27T23:20:46","modified_gmt":"2025-10-27T22:20:46","slug":"trolley-kabinvaska-i-hardplast","status":"publish","type":"product","link":"https:\/\/www.atta45.se\/e-butik\/produkt\/trolley-kabinvaska-i-hardplast\/","title":{"rendered":"Trolley\/kabinv\u00e4ska i h\u00e5rdplast, Verona"},"content":{"rendered":"<p>T\u00e5lig trolley i h\u00e5rdplast, PC\/ABS, med teleskophandtag, 4 individuella hjul och kodl\u00e5s. Metallplattan passar utm\u00e4rkt att gravera p\u00e5.<\/p>\n","protected":false},"excerpt":{"rendered":"<p>T\u00e5lig trolley i h\u00e5rdplast, PC\/ABS, med teleskophandtag, 4 individuella hjul och kodl\u00e5s. Metallplattan passar utm\u00e4rkt att gravera p\u00e5.<\/p>\n","protected":false},"featured_media":68428,"template":"","meta":{"_acf_changed":false,"_seopress_robots_primary_cat":"","_seopress_titles_title":"","_seopress_titles_desc":"","_seopress_robots_index":""},"product_brand":[],"product_cat":[15],"product_tag":[],"class_list":{"0":"post-68427","1":"product","2":"type-product","3":"status-publish","4":"has-post-thumbnail","6":"product_cat-okategoriserad","7":"atta45_taxonomy-tema-inspiration-ogonblick-fargglad-lycka-sv","8":"atta45_taxonomy-textil-sport-performance-sv","9":"atta45_taxonomy-fritid-sportartiklar-sv","10":"atta45_taxonomy-vaskor-resetillbehor-sport-resvaskor-sv","11":"atta45_taxonomy-tema-inspiration-sv","12":"atta45_taxonomy-vaskor-resetillbehor-trolleys-sv","13":"atta45_taxonomy-textil-vaskor-bagar-sv","14":"atta45_taxonomy-vaskor-resetillbehor-sv","16":"first","17":"instock","18":"taxable","19":"shipping-taxable","20":"purchasable","21":"product-type-variable"},"acf":[],"_links":{"self":[{"href":"https:\/\/www.atta45.se\/e-butik\/wp-json\/wp\/v2\/product\/68427","targetHints":{"allow":["GET"]}}],"collection":[{"href":"https:\/\/www.atta45.se\/e-butik\/wp-json\/wp\/v2\/product"}],"about":[{"href":"https:\/\/www.atta45.se\/e-butik\/wp-json\/wp\/v2\/types\/product"}],"wp:featuredmedia":[{"embeddable":true,"href":"https:\/\/www.atta45.se\/e-butik\/wp-json\/wp\/v2\/media\/68428"}],"wp:attachment":[{"href":"https:\/\/www.atta45.se\/e-butik\/wp-json\/wp\/v2\/media?parent=68427"}],"wp:term":[{"taxonomy":"product_brand","embeddable":true,"href":"https:\/\/www.atta45.se\/e-butik\/wp-json\/wp\/v2\/product_brand?post=68427"},{"taxonomy":"product_cat","embeddable":true,"href":"https:\/\/www.atta45.se\/e-butik\/wp-json\/wp\/v2\/product_cat?post=68427"},{"taxonomy":"product_tag","embeddable":true,"href":"https:\/\/www.atta45.se\/e-butik\/wp-json\/wp\/v2\/product_tag?post=68427"}],"curies":[{"name":"wp","href":"https:\/\/api.w.org\/{rel}","templated":true}]}}