{"id":68375,"date":"2024-12-27T00:21:06","date_gmt":"2024-12-26T23:21:06","guid":{"rendered":"https:\/\/www.atta45.se\/e-butik\/?post_type=product&#038;p=68375"},"modified":"2025-10-27T22:37:32","modified_gmt":"2025-10-27T21:37:32","slug":"sportvaska-i-polyester-600d","status":"publish","type":"product","link":"https:\/\/www.atta45.se\/e-butik\/produkt\/sportvaska-i-polyester-600d\/","title":{"rendered":"Sportv\u00e4ska i polyester (600D), Antoinette"},"content":{"rendered":"<p>Sportv\u00e4ska i polyester (600D) med ett stort huvudfack och utv\u00e4ndig ficka med blixtl\u00e5s. B\u00e4rhandtag och justerbar axelrem.<\/p>\n","protected":false},"excerpt":{"rendered":"<p>Sportv\u00e4ska i polyester (600D) med ett stort huvudfack och utv\u00e4ndig ficka med blixtl\u00e5s. B\u00e4rhandtag och justerbar axelrem.<\/p>\n","protected":false},"featured_media":68376,"template":"","meta":{"_acf_changed":false,"_seopress_robots_primary_cat":"","_seopress_titles_title":"","_seopress_titles_desc":"","_seopress_robots_index":""},"product_brand":[],"product_cat":[15],"product_tag":[],"class_list":{"0":"post-68375","1":"product","2":"type-product","3":"status-publish","4":"has-post-thumbnail","6":"product_cat-okategoriserad","7":"atta45_taxonomy-tema-inspiration-ogonblick-sommargladje-sv","8":"atta45_taxonomy-textil-sport-performance-sv","9":"atta45_taxonomy-fritid-sportartiklar-sv","10":"atta45_taxonomy-vaskor-resetillbehor-sport-resvaskor-sv","11":"atta45_taxonomy-tema-inspiration-sv","12":"atta45_taxonomy-textil-vaskor-bagar-sv","13":"atta45_taxonomy-vaskor-resetillbehor-sv","15":"first","16":"instock","17":"taxable","18":"shipping-taxable","19":"purchasable","20":"product-type-variable"},"acf":[],"_links":{"self":[{"href":"https:\/\/www.atta45.se\/e-butik\/wp-json\/wp\/v2\/product\/68375","targetHints":{"allow":["GET"]}}],"collection":[{"href":"https:\/\/www.atta45.se\/e-butik\/wp-json\/wp\/v2\/product"}],"about":[{"href":"https:\/\/www.atta45.se\/e-butik\/wp-json\/wp\/v2\/types\/product"}],"wp:featuredmedia":[{"embeddable":true,"href":"https:\/\/www.atta45.se\/e-butik\/wp-json\/wp\/v2\/media\/68376"}],"wp:attachment":[{"href":"https:\/\/www.atta45.se\/e-butik\/wp-json\/wp\/v2\/media?parent=68375"}],"wp:term":[{"taxonomy":"product_brand","embeddable":true,"href":"https:\/\/www.atta45.se\/e-butik\/wp-json\/wp\/v2\/product_brand?post=68375"},{"taxonomy":"product_cat","embeddable":true,"href":"https:\/\/www.atta45.se\/e-butik\/wp-json\/wp\/v2\/product_cat?post=68375"},{"taxonomy":"product_tag","embeddable":true,"href":"https:\/\/www.atta45.se\/e-butik\/wp-json\/wp\/v2\/product_tag?post=68375"}],"curies":[{"name":"wp","href":"https:\/\/api.w.org\/{rel}","templated":true}]}}