{"id":68353,"date":"2024-12-27T00:20:43","date_gmt":"2024-12-26T23:20:43","guid":{"rendered":"https:\/\/www.atta45.se\/e-butik\/?post_type=product&#038;p=68353"},"modified":"2025-10-27T20:36:37","modified_gmt":"2025-10-27T19:36:37","slug":"sportvaska-i-polyester-christel","status":"publish","type":"product","link":"https:\/\/www.atta45.se\/e-butik\/produkt\/sportvaska-i-polyester-christel\/","title":{"rendered":"Sportv\u00e4ska i polyester Christel"},"content":{"rendered":"<p>Sportv\u00e4ska i polyester designad f\u00f6r att f\u00e4stas p\u00e5 armen, med en PU-bel\u00e4ggning. Inneh\u00e5ller ett stort vattent\u00e4tt fack med dragkedja med en liten ficka inuti och en vattent\u00e4t ficka p\u00e5 framsidan.<\/p>\n","protected":false},"excerpt":{"rendered":"<p>Sportv\u00e4ska i polyester designad f\u00f6r att f\u00e4stas p\u00e5 armen, med en PU-bel\u00e4ggning. Inneh\u00e5ller ett stort vattent\u00e4tt fack med dragkedja med en liten ficka inuti och en vattent\u00e4t ficka p\u00e5 framsidan.<\/p>\n","protected":false},"featured_media":68354,"template":"","meta":{"_acf_changed":false,"_seopress_robots_primary_cat":"","_seopress_titles_title":"","_seopress_titles_desc":"","_seopress_robots_index":""},"product_brand":[],"product_cat":[15],"product_tag":[],"class_list":{"0":"post-68353","1":"product","2":"type-product","3":"status-publish","4":"has-post-thumbnail","6":"product_cat-okategoriserad","7":"atta45_taxonomy-tema-inspiration-utvalda-produkter-nyheter-sv","8":"atta45_taxonomy-nyheter-sv","9":"atta45_taxonomy-textil-sport-performance-sv","10":"atta45_taxonomy-fritid-sportartiklar-sv","11":"atta45_taxonomy-vaskor-resetillbehor-sport-resvaskor-sv","12":"atta45_taxonomy-textil-vaskor-bagar-sv","13":"atta45_taxonomy-vaskor-resetillbehor-sv","15":"first","16":"instock","17":"taxable","18":"shipping-taxable","19":"purchasable","20":"product-type-variable"},"acf":[],"_links":{"self":[{"href":"https:\/\/www.atta45.se\/e-butik\/wp-json\/wp\/v2\/product\/68353","targetHints":{"allow":["GET"]}}],"collection":[{"href":"https:\/\/www.atta45.se\/e-butik\/wp-json\/wp\/v2\/product"}],"about":[{"href":"https:\/\/www.atta45.se\/e-butik\/wp-json\/wp\/v2\/types\/product"}],"wp:featuredmedia":[{"embeddable":true,"href":"https:\/\/www.atta45.se\/e-butik\/wp-json\/wp\/v2\/media\/68354"}],"wp:attachment":[{"href":"https:\/\/www.atta45.se\/e-butik\/wp-json\/wp\/v2\/media?parent=68353"}],"wp:term":[{"taxonomy":"product_brand","embeddable":true,"href":"https:\/\/www.atta45.se\/e-butik\/wp-json\/wp\/v2\/product_brand?post=68353"},{"taxonomy":"product_cat","embeddable":true,"href":"https:\/\/www.atta45.se\/e-butik\/wp-json\/wp\/v2\/product_cat?post=68353"},{"taxonomy":"product_tag","embeddable":true,"href":"https:\/\/www.atta45.se\/e-butik\/wp-json\/wp\/v2\/product_tag?post=68353"}],"curies":[{"name":"wp","href":"https:\/\/api.w.org\/{rel}","templated":true}]}}