{"id":68317,"date":"2024-12-27T00:20:11","date_gmt":"2024-12-26T23:20:11","guid":{"rendered":"https:\/\/www.atta45.se\/e-butik\/?post_type=product&#038;p=68317"},"modified":"2025-10-27T20:15:57","modified_gmt":"2025-10-27T19:15:57","slug":"duffelbag-av-polyester-600d-ines","status":"publish","type":"product","link":"https:\/\/www.atta45.se\/e-butik\/produkt\/duffelbag-av-polyester-600d-ines\/","title":{"rendered":"Duffelbag av polyester (600D) Ines"},"content":{"rendered":"<p>Duffelv\u00e4ska i polyester (600D) med PU-foder (210D) och botten av PE-skum (3 mm). Stort fack med dragkedja p\u00e5 ovansidan och en ficka med dragkedja p\u00e5 framsidan. Skofack p\u00e5 sidan. Korta b\u00e4rremmar och en stor justerbar vadderad axelrem.<\/p>\n","protected":false},"excerpt":{"rendered":"<p>Duffelv\u00e4ska i polyester (600D) med PU-foder (210D) och botten av PE-skum (3 mm). Stort fack med dragkedja p\u00e5 ovansidan och en ficka med dragkedja p\u00e5 framsidan. Skofack p\u00e5 sidan. Korta b\u00e4rremmar och en stor justerbar vadderad axelrem.<\/p>\n","protected":false},"featured_media":68318,"template":"","meta":{"_acf_changed":false,"_seopress_robots_primary_cat":"","_seopress_titles_title":"","_seopress_titles_desc":"","_seopress_robots_index":""},"product_brand":[],"product_cat":[15],"product_tag":[],"class_list":{"0":"post-68317","1":"product","2":"type-product","3":"status-publish","4":"has-post-thumbnail","6":"product_cat-okategoriserad","7":"atta45_taxonomy-tema-inspiration-utvalda-produkter-nyheter-sv","8":"atta45_taxonomy-nyheter-sv","9":"atta45_taxonomy-textil-sport-performance-sv","10":"atta45_taxonomy-fritid-sportartiklar-sv","11":"atta45_taxonomy-vaskor-resetillbehor-sport-resvaskor-sv","12":"atta45_taxonomy-textil-vaskor-bagar-sv","13":"atta45_taxonomy-vaskor-resetillbehor-sv","15":"first","16":"instock","17":"taxable","18":"shipping-taxable","19":"purchasable","20":"product-type-variable"},"acf":[],"_links":{"self":[{"href":"https:\/\/www.atta45.se\/e-butik\/wp-json\/wp\/v2\/product\/68317","targetHints":{"allow":["GET"]}}],"collection":[{"href":"https:\/\/www.atta45.se\/e-butik\/wp-json\/wp\/v2\/product"}],"about":[{"href":"https:\/\/www.atta45.se\/e-butik\/wp-json\/wp\/v2\/types\/product"}],"wp:featuredmedia":[{"embeddable":true,"href":"https:\/\/www.atta45.se\/e-butik\/wp-json\/wp\/v2\/media\/68318"}],"wp:attachment":[{"href":"https:\/\/www.atta45.se\/e-butik\/wp-json\/wp\/v2\/media?parent=68317"}],"wp:term":[{"taxonomy":"product_brand","embeddable":true,"href":"https:\/\/www.atta45.se\/e-butik\/wp-json\/wp\/v2\/product_brand?post=68317"},{"taxonomy":"product_cat","embeddable":true,"href":"https:\/\/www.atta45.se\/e-butik\/wp-json\/wp\/v2\/product_cat?post=68317"},{"taxonomy":"product_tag","embeddable":true,"href":"https:\/\/www.atta45.se\/e-butik\/wp-json\/wp\/v2\/product_tag?post=68317"}],"curies":[{"name":"wp","href":"https:\/\/api.w.org\/{rel}","templated":true}]}}