{"id":61628,"date":"2024-12-26T23:02:13","date_gmt":"2024-12-26T22:02:13","guid":{"rendered":"https:\/\/www.atta45.se\/e-butik\/?post_type=product&#038;p=61628"},"modified":"2025-10-27T19:08:29","modified_gmt":"2025-10-27T18:08:29","slug":"schwarzwolf-denali-gastavar","status":"publish","type":"product","link":"https:\/\/www.atta45.se\/e-butik\/produkt\/schwarzwolf-denali-gastavar\/","title":{"rendered":"G\u00e5stavar Schwarzwolf Denali, Set med 2"},"content":{"rendered":"<p>G\u00e5stavar, promenadstavar, vandringsstavar eller tr\u00e4ningsstavar \u2013 k\u00e4rt barn har m\u00e5nga namn.<\/p>\n<p>Set med 2 Schwarzwolf promenadstavar. Stavarna \u00e4r gjorda av Duralumin vilket g\u00f6r dem l\u00e4tta och stabila. <\/p>\n<p>De har 3 sektioner, valfria sn\u00f6skydd och ett Speed-Lock-system som m\u00f6jligg\u00f6r enkel installation. <\/p>\n<p>Handtagen \u00e4r ergonomiskt formade och deras justerbara l\u00e4ngd g\u00f6r att du kan placera handen p\u00e5 handtaget i sv\u00e5rare terr\u00e4ng. Stavarna har l\u00e4tt justerbara handledsremmar. I paketet ing\u00e5r en praktisk kl\u00e4mma f\u00f6r att h\u00e5lla ihop stavarna. <\/p>\n<p>F\u00f6rpackad i en praktisk polyesterp\u00e5se. <\/p>\n<p>Vikt: 530g\/set utan fodral. <br \/>Material: Duralumin, EVA, kork, polyester. <\/p>\n<p>Rekommenderad tryckteknik: lasergravering L1, silkscreentryck S3 p\u00e5 v\u00e4ska. <\/p>\n<p>Maximal tryckstorlek: 150 \u00d7 80 mm. M\u00e5tt: l\u00e4ngd (vikt) 64 cm, (f\u00f6rl\u00e4ngd) max. 135 cm. Koldioxidavtryck: gCO2 e6843.<\/p>\n","protected":false},"excerpt":{"rendered":"<p>G\u00e5stavar, promenadstavar, vandringsstavar eller tr\u00e4ningsstavar \u2013 k\u00e4rt barn har m\u00e5nga namn. Set med 2 Schwarzwolf promenadstavar. Stavarna \u00e4r gjorda av Duralumin vilket g\u00f6r dem l\u00e4tta och stabila. De har 3 sektioner, valfria sn\u00f6skydd och ett Speed-Lock-system som m\u00f6jligg\u00f6r enkel installation. Handtagen \u00e4r ergonomiskt formade och deras justerbara l\u00e4ngd g\u00f6r att du kan placera handen p\u00e5 [&hellip;]<\/p>\n","protected":false},"featured_media":61629,"template":"","meta":{"_acf_changed":false,"_seopress_robots_primary_cat":"","_seopress_titles_title":"","_seopress_titles_desc":"","_seopress_robots_index":""},"product_brand":[],"product_cat":[15],"product_tag":[],"class_list":{"0":"post-61628","1":"product","2":"type-product","3":"status-publish","4":"has-post-thumbnail","6":"product_cat-okategoriserad","7":"atta45_taxonomy-tema-inspiration-varumarken-schwarzwolf-sv","8":"atta45_taxonomy-fritid-sportartiklar-sv","10":"first","11":"instock","12":"taxable","13":"shipping-taxable","14":"purchasable","15":"product-type-variable"},"acf":[],"_links":{"self":[{"href":"https:\/\/www.atta45.se\/e-butik\/wp-json\/wp\/v2\/product\/61628","targetHints":{"allow":["GET"]}}],"collection":[{"href":"https:\/\/www.atta45.se\/e-butik\/wp-json\/wp\/v2\/product"}],"about":[{"href":"https:\/\/www.atta45.se\/e-butik\/wp-json\/wp\/v2\/types\/product"}],"wp:featuredmedia":[{"embeddable":true,"href":"https:\/\/www.atta45.se\/e-butik\/wp-json\/wp\/v2\/media\/61629"}],"wp:attachment":[{"href":"https:\/\/www.atta45.se\/e-butik\/wp-json\/wp\/v2\/media?parent=61628"}],"wp:term":[{"taxonomy":"product_brand","embeddable":true,"href":"https:\/\/www.atta45.se\/e-butik\/wp-json\/wp\/v2\/product_brand?post=61628"},{"taxonomy":"product_cat","embeddable":true,"href":"https:\/\/www.atta45.se\/e-butik\/wp-json\/wp\/v2\/product_cat?post=61628"},{"taxonomy":"product_tag","embeddable":true,"href":"https:\/\/www.atta45.se\/e-butik\/wp-json\/wp\/v2\/product_tag?post=61628"}],"curies":[{"name":"wp","href":"https:\/\/api.w.org\/{rel}","templated":true}]}}